{"id":2659,"date":"2025-12-01T14:41:06","date_gmt":"2025-12-01T13:41:06","guid":{"rendered":"https:\/\/tranzit1.hu\/?page_id=2659"},"modified":"2025-12-10T12:12:22","modified_gmt":"2025-12-10T11:12:22","slug":"lakossagi-tanacsok","status":"publish","type":"page","link":"https:\/\/tranzit1.hu\/en\/tudastar\/lakossagi-tanacsok\/","title":{"rendered":"Citizens' advice"},"content":{"rendered":"<div data-elementor-type=\"wp-page\" data-elementor-id=\"2659\" class=\"elementor elementor-2659\" data-elementor-post-type=\"page\">\n\t\t\t\t<div class=\"elementor-element elementor-element-32b6240 e-flex e-con-boxed e-con e-parent\" data-id=\"32b6240\" data-element_type=\"container\" data-settings=\"{&quot;background_background&quot;:&quot;classic&quot;,&quot;animation&quot;:&quot;none&quot;}\">\n\t\t\t\t\t<div class=\"e-con-inner\">\n\t\t\t\t<div class=\"elementor-element elementor-element-11abe21 elementor-widget__width-inherit elementor-invisible elementor-widget elementor-widget-heading\" data-id=\"11abe21\" data-element_type=\"widget\" data-settings=\"{&quot;_animation&quot;:&quot;fadeIn&quot;}\" data-widget_type=\"heading.default\">\n\t\t\t\t\t<h1 class=\"elementor-heading-title elementor-size-default\">PUBLIC ADVICE<\/h1>\t\t\t\t<\/div>\n\t\t\t\t<div class=\"elementor-element elementor-element-e5de6d8 elementor-invisible elementor-widget elementor-widget-text-editor\" data-id=\"e5de6d8\" data-element_type=\"widget\" data-settings=\"{&quot;_animation&quot;:&quot;fadeIn&quot;}\" data-widget_type=\"text-editor.default\">\n\t\t\t\t\t\t\t\t\t<p>Every day at Tranzit-1 Ltd., we come across mistakes that could be prevented with a little care - that's why we've prepared our advice for residents. Our short, practical guides will help keep your home's sewer system running safely and without problems. Find out more about how to protect your property from unexpected blockages and spills.<\/p>\t\t\t\t\t\t\t\t<\/div>\n\t\t\t\t<div class=\"elementor-element elementor-element-95f7b8c elementor-align-center animated-slow elementor-invisible elementor-widget elementor-widget-button\" data-id=\"95f7b8c\" data-element_type=\"widget\" data-settings=\"{&quot;_animation&quot;:&quot;fadeIn&quot;}\" data-widget_type=\"button.default\">\n\t\t\t\t\t\t\t\t\t\t<a class=\"elementor-button elementor-button-link elementor-size-sm\" href=\"https:\/\/tranzit1.hu\/en\/kapcsolat\/\">\n\t\t\t\t\t\t<span class=\"elementor-button-content-wrapper\">\n\t\t\t\t\t\t<span class=\"elementor-button-icon\">\n\t\t\t\t<svg aria-hidden=\"true\" class=\"e-font-icon-svg e-fas-chevron-right\" viewbox=\"0 0 320 512\" xmlns=\"http:\/\/www.w3.org\/2000\/svg\"><path d=\"M285.476 272.971L91.132 467.314c-9.373 9.373-24.569 9.373-33.941 0l-22.667-22.667c-9.357-9.357-9.375-24.522-.04-33.901L188.505 256 34.484 101.255c-9.335-9.379-9.317-24.544.04-33.901l22.667-22.667c9.373-9.373 24.569-9.373 33.941 0L285.475 239.03c9.373 9.372 9.373 24.568.001 33.941z\"><\/path><\/svg>\t\t\t<\/span>\n\t\t\t\t\t\t\t\t\t<span class=\"elementor-button-text\">Contact<\/span>\n\t\t\t\t\t<\/span>\n\t\t\t\t\t<\/a>\n\t\t\t\t\t\t\t\t<\/div>\n\t\t\t\t\t<\/div>\n\t\t\t\t<\/div>\n\t\t<div class=\"elementor-element elementor-element-da6afeb e-flex e-con-boxed e-con e-parent\" data-id=\"da6afeb\" data-element_type=\"container\">\n\t\t\t\t\t<div class=\"e-con-inner\">\n\t\t\t\t<div class=\"elementor-element elementor-element-a2ebb86 elementor-grid-3 elementor-grid-tablet-2 elementor-grid-mobile-1 elementor-posts--thumbnail-top elementor-card-shadow-yes elementor-posts__hover-gradient elementor-widget elementor-widget-posts\" data-id=\"a2ebb86\" data-element_type=\"widget\" data-settings=\"{&quot;cards_columns&quot;:&quot;3&quot;,&quot;cards_columns_tablet&quot;:&quot;2&quot;,&quot;cards_columns_mobile&quot;:&quot;1&quot;,&quot;cards_row_gap&quot;:{&quot;unit&quot;:&quot;px&quot;,&quot;size&quot;:35,&quot;sizes&quot;:[]},&quot;cards_row_gap_laptop&quot;:{&quot;unit&quot;:&quot;px&quot;,&quot;size&quot;:&quot;&quot;,&quot;sizes&quot;:[]},&quot;cards_row_gap_tablet&quot;:{&quot;unit&quot;:&quot;px&quot;,&quot;size&quot;:&quot;&quot;,&quot;sizes&quot;:[]},&quot;cards_row_gap_mobile&quot;:{&quot;unit&quot;:&quot;px&quot;,&quot;size&quot;:&quot;&quot;,&quot;sizes&quot;:[]}}\" data-widget_type=\"posts.cards\">\n\t\t\t\t<div class=\"elementor-widget-container\">\n\t\t\t\t\t\t\t<div class=\"elementor-posts-container elementor-posts elementor-posts--skin-cards elementor-grid\" role=\"list\">\n\t\t\t\t<article class=\"elementor-post elementor-grid-item post-424 post type-post status-publish format-standard has-post-thumbnail hentry category-weboldal\" role=\"listitem\">\n\t\t\t<div class=\"elementor-post__card\">\n\t\t\t\t<a class=\"elementor-post__thumbnail__link\" href=\"https:\/\/tranzit1.hu\/en\/legutobbi-blogcikk-cime-kb-ilyen-hosszu-13\/\" tabindex=\"-1\" ><div class=\"elementor-post__thumbnail\"><img fetchpriority=\"high\" decoding=\"async\" width=\"700\" height=\"466\" src=\"https:\/\/tranzit1.hu\/wp-content\/uploads\/2025\/11\/dugulaselharitas-tippek-700x466.jpg\" class=\"attachment-medium size-medium wp-image-2704\" alt=\"Dugul\u00e1selh\u00e1r\u00edt\u00e1s tippek Tranzit-1 Kft.\" srcset=\"https:\/\/tranzit1.hu\/wp-content\/uploads\/2025\/11\/dugulaselharitas-tippek-700x466.jpg 700w, https:\/\/tranzit1.hu\/wp-content\/uploads\/2025\/11\/dugulaselharitas-tippek-1024x682.jpg 1024w, https:\/\/tranzit1.hu\/wp-content\/uploads\/2025\/11\/dugulaselharitas-tippek-768x511.jpg 768w, https:\/\/tranzit1.hu\/wp-content\/uploads\/2025\/11\/dugulaselharitas-tippek.jpg 1200w\" sizes=\"(max-width: 700px) 100vw, 700px\" \/><\/div><\/a>\n\t\t\t\t<div class=\"elementor-post__text\">\n\t\t\t\t<h3 class=\"elementor-post__title\">\n\t\t\t<a href=\"https:\/\/tranzit1.hu\/en\/legutobbi-blogcikk-cime-kb-ilyen-hosszu-13\/\" >\n\t\t\t\tHow can I prevent household blockages? - 10 best practices from the experts\t\t\t<\/a>\n\t\t<\/h3>\n\t\t\t\t<div class=\"elementor-post__excerpt\">\n\t\t\t<p>Blockages will appear in most households sooner or later - often at the worst possible time. The good news is that most breakdowns can be prevented with a few simple habits and regular maintenance.Based on over 31 years of experience, we've put together 10 ways to significantly reduce the chances of a blockage in any kitchen, bathroom or domestic drainage system. 1. Clogs can occur.<\/p>\n\t\t<\/div>\n\t\t\n\t\t<a class=\"elementor-post__read-more\" href=\"https:\/\/tranzit1.hu\/en\/legutobbi-blogcikk-cime-kb-ilyen-hosszu-13\/\" aria-label=\"Read more about How can I prevent a household blockage? - 10 best practices from the experts\" tabindex=\"-1\" >\n\t\t\tRead more \u00bb\t\t<\/a>\n\n\t\t\t\t<\/div>\n\t\t\t\t\t<\/div>\n\t\t<\/article>\n\t\t\t\t<article class=\"elementor-post elementor-grid-item post-423 post type-post status-publish format-standard has-post-thumbnail hentry category-weboldal\" role=\"listitem\">\n\t\t\t<div class=\"elementor-post__card\">\n\t\t\t\t<a class=\"elementor-post__thumbnail__link\" href=\"https:\/\/tranzit1.hu\/en\/legutobbi-blogcikk-cime-kb-ilyen-hosszu-12\/\" tabindex=\"-1\" ><div class=\"elementor-post__thumbnail\"><img decoding=\"async\" width=\"700\" height=\"394\" src=\"https:\/\/tranzit1.hu\/wp-content\/uploads\/2025\/12\/Szennyviz-szippantas-Debrecen_169-700x394.jpg\" class=\"attachment-medium size-medium wp-image-2636\" alt=\"Szennyv\u00edz szippant\u00e1s Debrecen_169\" srcset=\"https:\/\/tranzit1.hu\/wp-content\/uploads\/2025\/12\/Szennyviz-szippantas-Debrecen_169-700x394.jpg 700w, https:\/\/tranzit1.hu\/wp-content\/uploads\/2025\/12\/Szennyviz-szippantas-Debrecen_169-768x432.jpg 768w, https:\/\/tranzit1.hu\/wp-content\/uploads\/2025\/12\/Szennyviz-szippantas-Debrecen_169.jpg 1002w\" sizes=\"(max-width: 700px) 100vw, 700px\" \/><\/div><\/a>\n\t\t\t\t<div class=\"elementor-post__text\">\n\t\t\t\t<h3 class=\"elementor-post__title\">\n\t\t\t<a href=\"https:\/\/tranzit1.hu\/en\/legutobbi-blogcikk-cime-kb-ilyen-hosszu-12\/\" >\n\t\t\t\tSniffing for the general public: when to do it, how to do it and what to look out for?\t\t\t<\/a>\n\t\t<\/h3>\n\t\t\t\t<div class=\"elementor-post__excerpt\">\n\t\t\t<p>Household wastewater that is not collected by a public sewer - i.e. the contents of septic tanks and closed cesspools - requires regular emptying. This is not only a matter of convenience, but also a legal obligation that applies to all properties that are not connected to the public sewer.In municipalities, the service can only be provided by a licensed siphoning service provider under the municipal ordinance. Our company is fully licensed to carry out these activities. The following guide explains when<\/p>\n\t\t<\/div>\n\t\t\n\t\t<a class=\"elementor-post__read-more\" href=\"https:\/\/tranzit1.hu\/en\/legutobbi-blogcikk-cime-kb-ilyen-hosszu-12\/\" aria-label=\"Read more about Sniffing for the small population: when it is necessary, how it is done and what to look out for?\" tabindex=\"-1\" >\n\t\t\tRead more \u00bb\t\t<\/a>\n\n\t\t\t\t<\/div>\n\t\t\t\t\t<\/div>\n\t\t<\/article>\n\t\t\t\t<article class=\"elementor-post elementor-grid-item post-422 post type-post status-publish format-standard has-post-thumbnail hentry category-weboldal\" role=\"listitem\">\n\t\t\t<div class=\"elementor-post__card\">\n\t\t\t\t<a class=\"elementor-post__thumbnail__link\" href=\"https:\/\/tranzit1.hu\/en\/legutobbi-blogcikk-cime-kb-ilyen-hosszu-11\/\" tabindex=\"-1\" ><div class=\"elementor-post__thumbnail\"><img decoding=\"async\" width=\"700\" height=\"525\" src=\"https:\/\/tranzit1.hu\/wp-content\/uploads\/2025\/11\/mobilwc_berles_debrecen-700x525.jpg\" class=\"attachment-medium size-medium wp-image-2717\" alt=\"\" srcset=\"https:\/\/tranzit1.hu\/wp-content\/uploads\/2025\/11\/mobilwc_berles_debrecen-700x525.jpg 700w, https:\/\/tranzit1.hu\/wp-content\/uploads\/2025\/11\/mobilwc_berles_debrecen-768x576.jpg 768w, https:\/\/tranzit1.hu\/wp-content\/uploads\/2025\/11\/mobilwc_berles_debrecen.jpg 975w\" sizes=\"(max-width: 700px) 100vw, 700px\" \/><\/div><\/a>\n\t\t\t\t<div class=\"elementor-post__text\">\n\t\t\t\t<h3 class=\"elementor-post__title\">\n\t\t\t<a href=\"https:\/\/tranzit1.hu\/en\/legutobbi-blogcikk-cime-kb-ilyen-hosszu-11\/\" >\n\t\t\t\tMobile toilet hire for public events and construction sites: when, how many, what type should I choose?\t\t\t<\/a>\n\t\t<\/h3>\n\t\t\t\t<div class=\"elementor-post__excerpt\">\n\t\t\t<p>More and more family events and construction sites require the rental of mobile toilets. Whether it's a birthday party, a wedding, a village fete or a construction site lasting several weeks, ensuring hygiene is now a basic requirement - and a legal obligation on work sites. In this guide we explain: 1. When is it worth renting a portable toilet? 3 typical situations where a portable toilet is needed. When is it legal to use a toilet?<\/p>\n\t\t<\/div>\n\t\t\n\t\t<a class=\"elementor-post__read-more\" href=\"https:\/\/tranzit1.hu\/en\/legutobbi-blogcikk-cime-kb-ilyen-hosszu-11\/\" aria-label=\"Read more about Mobile toilet hire for public events and construction sites: when, how many, what type should I choose?\" tabindex=\"-1\" >\n\t\t\tRead more \u00bb\t\t<\/a>\n\n\t\t\t\t<\/div>\n\t\t\t\t\t<\/div>\n\t\t<\/article>\n\t\t\t\t<\/div>\n\t\t\n\t\t\t\t\t\t<\/div>\n\t\t\t\t<\/div>\n\t\t\t\t\t<\/div>\n\t\t\t\t<\/div>\n\t\t\t\t<\/div>","protected":false},"excerpt":{"rendered":"<p>CONSULTANT ADVICE At Tranzit-1 Ltd., we encounter mistakes every day that could be prevented with a little attention - that's why we have prepared our resident advice. Our short, practical guides will help keep your home's sewer system running safely and without problems. Find out more about how to protect your property from unexpected blockages and spills. Contact<\/p>","protected":false},"author":1,"featured_media":0,"parent":628,"menu_order":0,"comment_status":"closed","ping_status":"closed","template":"","meta":{"footnotes":""},"class_list":["post-2659","page","type-page","status-publish","hentry"],"yoast_head":"<!-- This site is optimized with the Yoast SEO plugin v27.4 - https:\/\/yoast.com\/product\/yoast-seo-wordpress\/ -->\n<title>Lakoss\u00e1gi tan\u00e1csok \u2013 Dugul\u00e1selh\u00e1r\u00edt\u00e1s \u00e9s csatornatiszt\u00edt\u00e1s tippek<\/title>\n<meta name=\"description\" content=\"Gyakorlati tan\u00e1csok lakoss\u00e1gi \u00fcgyfeleknek a dugul\u00e1sok megel\u0151z\u00e9s\u00e9re, csatornatiszt\u00edt\u00e1sra \u00e9s szennyv\u00edzkezel\u00e9sre. Mikor el\u00e9g az otthoni megold\u00e1s, \u00e9s mikor kell szakember?\" \/>\n<meta name=\"robots\" content=\"index, follow, max-snippet:-1, max-image-preview:large, max-video-preview:-1\" \/>\n<link rel=\"canonical\" href=\"https:\/\/tranzit1.hu\/en\/tudastar\/lakossagi-tanacsok\/\" \/>\n<meta property=\"og:locale\" content=\"en_GB\" \/>\n<meta property=\"og:type\" content=\"article\" \/>\n<meta property=\"og:title\" content=\"Lakoss\u00e1gi tan\u00e1csok \u2013 Dugul\u00e1selh\u00e1r\u00edt\u00e1s \u00e9s csatornatiszt\u00edt\u00e1s tippek\" \/>\n<meta property=\"og:description\" content=\"Gyakorlati tan\u00e1csok lakoss\u00e1gi \u00fcgyfeleknek a dugul\u00e1sok megel\u0151z\u00e9s\u00e9re, csatornatiszt\u00edt\u00e1sra \u00e9s szennyv\u00edzkezel\u00e9sre. Mikor el\u00e9g az otthoni megold\u00e1s, \u00e9s mikor kell szakember?\" \/>\n<meta property=\"og:url\" content=\"https:\/\/tranzit1.hu\/en\/tudastar\/lakossagi-tanacsok\/\" \/>\n<meta property=\"og:site_name\" content=\"Tranzit-1 K\u00f6rnyezetv\u00e9delmi \u00e9s Szolg\u00e1ltat\u00f3 Kft.\" \/>\n<meta property=\"article:publisher\" content=\"https:\/\/www.facebook.com\/Tranzit1Kft\" \/>\n<meta property=\"article:modified_time\" content=\"2025-12-10T11:12:22+00:00\" \/>\n<meta property=\"og:image\" content=\"https:\/\/tranzit1.hu\/wp-content\/uploads\/2025\/12\/Folyekony-veszelyes-hulladekszallito-43.jpg\" \/>\n\t<meta property=\"og:image:width\" content=\"1109\" \/>\n\t<meta property=\"og:image:height\" content=\"832\" \/>\n\t<meta property=\"og:image:type\" content=\"image\/jpeg\" \/>\n<meta name=\"twitter:card\" content=\"summary_large_image\" \/>\n<meta name=\"twitter:label1\" content=\"Estimated reading time\" \/>\n\t<meta name=\"twitter:data1\" content=\"1 minute\" \/>\n<script type=\"application\/ld+json\" class=\"yoast-schema-graph\">{\"@context\":\"https:\\\/\\\/schema.org\",\"@graph\":[{\"@type\":\"TechArticle\",\"@id\":\"https:\\\/\\\/tranzit1.hu\\\/tudastar\\\/lakossagi-tanacsok\\\/#article\",\"isPartOf\":{\"@id\":\"https:\\\/\\\/tranzit1.hu\\\/tudastar\\\/lakossagi-tanacsok\\\/\"},\"author\":{\"name\":\"tranzit1\",\"@id\":\"https:\\\/\\\/tranzit1.hu\\\/#\\\/schema\\\/person\\\/40021cd27ea4f8b09ced9fac64c0851c\"},\"headline\":\"Lakoss\u00e1gi tan\u00e1csok\",\"datePublished\":\"2025-12-01T13:41:06+00:00\",\"dateModified\":\"2025-12-10T11:12:22+00:00\",\"mainEntityOfPage\":{\"@id\":\"https:\\\/\\\/tranzit1.hu\\\/tudastar\\\/lakossagi-tanacsok\\\/\"},\"wordCount\":83,\"publisher\":{\"@id\":\"https:\\\/\\\/tranzit1.hu\\\/#organization\"},\"inLanguage\":\"en-GB\"},{\"@type\":\"WebPage\",\"@id\":\"https:\\\/\\\/tranzit1.hu\\\/tudastar\\\/lakossagi-tanacsok\\\/\",\"url\":\"https:\\\/\\\/tranzit1.hu\\\/tudastar\\\/lakossagi-tanacsok\\\/\",\"name\":\"Lakoss\u00e1gi tan\u00e1csok \u2013 Dugul\u00e1selh\u00e1r\u00edt\u00e1s \u00e9s csatornatiszt\u00edt\u00e1s tippek\",\"isPartOf\":{\"@id\":\"https:\\\/\\\/tranzit1.hu\\\/#website\"},\"datePublished\":\"2025-12-01T13:41:06+00:00\",\"dateModified\":\"2025-12-10T11:12:22+00:00\",\"description\":\"Gyakorlati tan\u00e1csok lakoss\u00e1gi \u00fcgyfeleknek a dugul\u00e1sok megel\u0151z\u00e9s\u00e9re, csatornatiszt\u00edt\u00e1sra \u00e9s szennyv\u00edzkezel\u00e9sre. Mikor el\u00e9g az otthoni megold\u00e1s, \u00e9s mikor kell szakember?\",\"breadcrumb\":{\"@id\":\"https:\\\/\\\/tranzit1.hu\\\/tudastar\\\/lakossagi-tanacsok\\\/#breadcrumb\"},\"inLanguage\":\"en-GB\",\"potentialAction\":[{\"@type\":\"ReadAction\",\"target\":[\"https:\\\/\\\/tranzit1.hu\\\/tudastar\\\/lakossagi-tanacsok\\\/\"]}]},{\"@type\":\"BreadcrumbList\",\"@id\":\"https:\\\/\\\/tranzit1.hu\\\/tudastar\\\/lakossagi-tanacsok\\\/#breadcrumb\",\"itemListElement\":[{\"@type\":\"ListItem\",\"position\":1,\"name\":\"Kezd\u0151lap\",\"item\":\"https:\\\/\\\/tranzit1.hu\\\/\"},{\"@type\":\"ListItem\",\"position\":2,\"name\":\"Tud\u00e1st\u00e1r\",\"item\":\"https:\\\/\\\/tranzit1.hu\\\/tudastar\\\/\"},{\"@type\":\"ListItem\",\"position\":3,\"name\":\"Lakoss\u00e1gi tan\u00e1csok\"}]},{\"@type\":\"WebSite\",\"@id\":\"https:\\\/\\\/tranzit1.hu\\\/#website\",\"url\":\"https:\\\/\\\/tranzit1.hu\\\/\",\"name\":\"Tranzit-1 K\u00f6rnyezetv\u00e9delmi \u00e9s Szolg\u00e1ltat\u00f3 Kft.\",\"description\":\"Ipari \u00e9s lakoss\u00e1gi szennyv\u00edzkezel\u00e9s Debrecenben \u00e9s Kelet-Magyarorszg\u00e1on\",\"publisher\":{\"@id\":\"https:\\\/\\\/tranzit1.hu\\\/#organization\"},\"alternateName\":\"Tranzit-1 Kft.\",\"potentialAction\":[{\"@type\":\"SearchAction\",\"target\":{\"@type\":\"EntryPoint\",\"urlTemplate\":\"https:\\\/\\\/tranzit1.hu\\\/?s={search_term_string}\"},\"query-input\":{\"@type\":\"PropertyValueSpecification\",\"valueRequired\":true,\"valueName\":\"search_term_string\"}}],\"inLanguage\":\"en-GB\"},{\"@type\":\"Organization\",\"@id\":\"https:\\\/\\\/tranzit1.hu\\\/#organization\",\"name\":\"Tranzit-1 K\u00f6rnyezetv\u00e9delmi \u00e9s Szolg\u00e1ltat\u00f3 Kft.\",\"alternateName\":\"Tranzit-1 Kft.\",\"url\":\"https:\\\/\\\/tranzit1.hu\\\/\",\"logo\":{\"@type\":\"ImageObject\",\"inLanguage\":\"en-GB\",\"@id\":\"https:\\\/\\\/tranzit1.hu\\\/#\\\/schema\\\/logo\\\/image\\\/\",\"url\":\"http:\\\/\\\/tranzit1.hu\\\/wp-content\\\/uploads\\\/2025\\\/11\\\/PNG-Tranzit-honlap-logo-350.png\",\"contentUrl\":\"http:\\\/\\\/tranzit1.hu\\\/wp-content\\\/uploads\\\/2025\\\/11\\\/PNG-Tranzit-honlap-logo-350.png\",\"width\":350,\"height\":124,\"caption\":\"Tranzit-1 K\u00f6rnyezetv\u00e9delmi \u00e9s Szolg\u00e1ltat\u00f3 Kft.\"},\"image\":{\"@id\":\"https:\\\/\\\/tranzit1.hu\\\/#\\\/schema\\\/logo\\\/image\\\/\"},\"sameAs\":[\"https:\\\/\\\/www.facebook.com\\\/Tranzit1Kft\"]},{\"@type\":\"Person\",\"@id\":\"https:\\\/\\\/tranzit1.hu\\\/#\\\/schema\\\/person\\\/40021cd27ea4f8b09ced9fac64c0851c\",\"name\":\"tranzit1\",\"image\":{\"@type\":\"ImageObject\",\"inLanguage\":\"en-GB\",\"@id\":\"https:\\\/\\\/secure.gravatar.com\\\/avatar\\\/3981f5f97fee115cf374fe1b8e131ed1317a364912376a4a9069fc2703980398?s=96&d=mm&r=g\",\"url\":\"https:\\\/\\\/secure.gravatar.com\\\/avatar\\\/3981f5f97fee115cf374fe1b8e131ed1317a364912376a4a9069fc2703980398?s=96&d=mm&r=g\",\"contentUrl\":\"https:\\\/\\\/secure.gravatar.com\\\/avatar\\\/3981f5f97fee115cf374fe1b8e131ed1317a364912376a4a9069fc2703980398?s=96&d=mm&r=g\",\"caption\":\"tranzit1\"},\"sameAs\":[\"http:\\\/\\\/tranzit1.hu\"],\"url\":\"https:\\\/\\\/tranzit1.hu\\\/en\\\/author\\\/tranzit1\\\/\"}]}<\/script>\n<!-- \/ Yoast SEO plugin. -->","yoast_head_json":{"title":"Household tips - Unblocking and drain cleaning tips","description":"Practical advice for residential customers on blockage prevention, drain cleaning and waste water treatment. When is a home solution enough and when do you need a professional?","robots":{"index":"index","follow":"follow","max-snippet":"max-snippet:-1","max-image-preview":"max-image-preview:large","max-video-preview":"max-video-preview:-1"},"canonical":"https:\/\/tranzit1.hu\/en\/tudastar\/lakossagi-tanacsok\/","og_locale":"en_GB","og_type":"article","og_title":"Lakoss\u00e1gi tan\u00e1csok \u2013 Dugul\u00e1selh\u00e1r\u00edt\u00e1s \u00e9s csatornatiszt\u00edt\u00e1s tippek","og_description":"Gyakorlati tan\u00e1csok lakoss\u00e1gi \u00fcgyfeleknek a dugul\u00e1sok megel\u0151z\u00e9s\u00e9re, csatornatiszt\u00edt\u00e1sra \u00e9s szennyv\u00edzkezel\u00e9sre. Mikor el\u00e9g az otthoni megold\u00e1s, \u00e9s mikor kell szakember?","og_url":"https:\/\/tranzit1.hu\/en\/tudastar\/lakossagi-tanacsok\/","og_site_name":"Tranzit-1 K\u00f6rnyezetv\u00e9delmi \u00e9s Szolg\u00e1ltat\u00f3 Kft.","article_publisher":"https:\/\/www.facebook.com\/Tranzit1Kft","article_modified_time":"2025-12-10T11:12:22+00:00","og_image":[{"width":1109,"height":832,"url":"https:\/\/tranzit1.hu\/wp-content\/uploads\/2025\/12\/Folyekony-veszelyes-hulladekszallito-43.jpg","type":"image\/jpeg"}],"twitter_card":"summary_large_image","twitter_misc":{"Estimated reading time":"1 minute"},"schema":{"@context":"https:\/\/schema.org","@graph":[{"@type":"TechArticle","@id":"https:\/\/tranzit1.hu\/tudastar\/lakossagi-tanacsok\/#article","isPartOf":{"@id":"https:\/\/tranzit1.hu\/tudastar\/lakossagi-tanacsok\/"},"author":{"name":"tranzit1","@id":"https:\/\/tranzit1.hu\/#\/schema\/person\/40021cd27ea4f8b09ced9fac64c0851c"},"headline":"Lakoss\u00e1gi tan\u00e1csok","datePublished":"2025-12-01T13:41:06+00:00","dateModified":"2025-12-10T11:12:22+00:00","mainEntityOfPage":{"@id":"https:\/\/tranzit1.hu\/tudastar\/lakossagi-tanacsok\/"},"wordCount":83,"publisher":{"@id":"https:\/\/tranzit1.hu\/#organization"},"inLanguage":"en-GB"},{"@type":"WebPage","@id":"https:\/\/tranzit1.hu\/tudastar\/lakossagi-tanacsok\/","url":"https:\/\/tranzit1.hu\/tudastar\/lakossagi-tanacsok\/","name":"Household tips - Unblocking and drain cleaning tips","isPartOf":{"@id":"https:\/\/tranzit1.hu\/#website"},"datePublished":"2025-12-01T13:41:06+00:00","dateModified":"2025-12-10T11:12:22+00:00","description":"Practical advice for residential customers on blockage prevention, drain cleaning and waste water treatment. When is a home solution enough and when do you need a professional?","breadcrumb":{"@id":"https:\/\/tranzit1.hu\/tudastar\/lakossagi-tanacsok\/#breadcrumb"},"inLanguage":"en-GB","potentialAction":[{"@type":"ReadAction","target":["https:\/\/tranzit1.hu\/tudastar\/lakossagi-tanacsok\/"]}]},{"@type":"BreadcrumbList","@id":"https:\/\/tranzit1.hu\/tudastar\/lakossagi-tanacsok\/#breadcrumb","itemListElement":[{"@type":"ListItem","position":1,"name":"Kezd\u0151lap","item":"https:\/\/tranzit1.hu\/"},{"@type":"ListItem","position":2,"name":"Tud\u00e1st\u00e1r","item":"https:\/\/tranzit1.hu\/tudastar\/"},{"@type":"ListItem","position":3,"name":"Lakoss\u00e1gi tan\u00e1csok"}]},{"@type":"WebSite","@id":"https:\/\/tranzit1.hu\/#website","url":"https:\/\/tranzit1.hu\/","name":"Tranzit-1 Environmental Protection and Services Ltd.","description":"Industrial and residential wastewater treatment in Debrecen and East Hungary","publisher":{"@id":"https:\/\/tranzit1.hu\/#organization"},"alternateName":"Tranzit-1 Kft.","potentialAction":[{"@type":"SearchAction","target":{"@type":"EntryPoint","urlTemplate":"https:\/\/tranzit1.hu\/?s={search_term_string}"},"query-input":{"@type":"PropertyValueSpecification","valueRequired":true,"valueName":"search_term_string"}}],"inLanguage":"en-GB"},{"@type":"Organization","@id":"https:\/\/tranzit1.hu\/#organization","name":"Tranzit-1 Environmental Protection and Services Ltd.","alternateName":"Tranzit-1 Kft.","url":"https:\/\/tranzit1.hu\/","logo":{"@type":"ImageObject","inLanguage":"en-GB","@id":"https:\/\/tranzit1.hu\/#\/schema\/logo\/image\/","url":"http:\/\/tranzit1.hu\/wp-content\/uploads\/2025\/11\/PNG-Tranzit-honlap-logo-350.png","contentUrl":"http:\/\/tranzit1.hu\/wp-content\/uploads\/2025\/11\/PNG-Tranzit-honlap-logo-350.png","width":350,"height":124,"caption":"Tranzit-1 K\u00f6rnyezetv\u00e9delmi \u00e9s Szolg\u00e1ltat\u00f3 Kft."},"image":{"@id":"https:\/\/tranzit1.hu\/#\/schema\/logo\/image\/"},"sameAs":["https:\/\/www.facebook.com\/Tranzit1Kft"]},{"@type":"Person","@id":"https:\/\/tranzit1.hu\/#\/schema\/person\/40021cd27ea4f8b09ced9fac64c0851c","name":"transit1","image":{"@type":"ImageObject","inLanguage":"en-GB","@id":"https:\/\/secure.gravatar.com\/avatar\/3981f5f97fee115cf374fe1b8e131ed1317a364912376a4a9069fc2703980398?s=96&d=mm&r=g","url":"https:\/\/secure.gravatar.com\/avatar\/3981f5f97fee115cf374fe1b8e131ed1317a364912376a4a9069fc2703980398?s=96&d=mm&r=g","contentUrl":"https:\/\/secure.gravatar.com\/avatar\/3981f5f97fee115cf374fe1b8e131ed1317a364912376a4a9069fc2703980398?s=96&d=mm&r=g","caption":"tranzit1"},"sameAs":["http:\/\/tranzit1.hu"],"url":"https:\/\/tranzit1.hu\/en\/author\/tranzit1\/"}]}},"_links":{"self":[{"href":"https:\/\/tranzit1.hu\/en\/wp-json\/wp\/v2\/pages\/2659","targetHints":{"allow":["GET"]}}],"collection":[{"href":"https:\/\/tranzit1.hu\/en\/wp-json\/wp\/v2\/pages"}],"about":[{"href":"https:\/\/tranzit1.hu\/en\/wp-json\/wp\/v2\/types\/page"}],"author":[{"embeddable":true,"href":"https:\/\/tranzit1.hu\/en\/wp-json\/wp\/v2\/users\/1"}],"replies":[{"embeddable":true,"href":"https:\/\/tranzit1.hu\/en\/wp-json\/wp\/v2\/comments?post=2659"}],"version-history":[{"count":19,"href":"https:\/\/tranzit1.hu\/en\/wp-json\/wp\/v2\/pages\/2659\/revisions"}],"predecessor-version":[{"id":2863,"href":"https:\/\/tranzit1.hu\/en\/wp-json\/wp\/v2\/pages\/2659\/revisions\/2863"}],"up":[{"embeddable":true,"href":"https:\/\/tranzit1.hu\/en\/wp-json\/wp\/v2\/pages\/628"}],"wp:attachment":[{"href":"https:\/\/tranzit1.hu\/en\/wp-json\/wp\/v2\/media?parent=2659"}],"curies":[{"name":"wp","href":"https:\/\/api.w.org\/{rel}","templated":true}]}}