{"id":2659,"date":"2025-12-01T14:41:06","date_gmt":"2025-12-01T13:41:06","guid":{"rendered":"https:\/\/tranzit1.hu\/?page_id=2659"},"modified":"2025-12-10T12:12:22","modified_gmt":"2025-12-10T11:12:22","slug":"lakossagi-tanacsok","status":"publish","type":"page","link":"https:\/\/tranzit1.hu\/hu_hu\/tudastar\/lakossagi-tanacsok\/","title":{"rendered":"Lakoss\u00e1gi tan\u00e1csok"},"content":{"rendered":"\t\t<div data-elementor-type=\"wp-page\" data-elementor-id=\"2659\" class=\"elementor elementor-2659\" data-elementor-post-type=\"page\">\n\t\t\t\t<div class=\"elementor-element elementor-element-32b6240 e-flex e-con-boxed e-con e-parent\" data-id=\"32b6240\" data-element_type=\"container\" data-settings=\"{&quot;background_background&quot;:&quot;classic&quot;,&quot;animation&quot;:&quot;none&quot;}\">\n\t\t\t\t\t<div class=\"e-con-inner\">\n\t\t\t\t<div class=\"elementor-element elementor-element-11abe21 elementor-widget__width-inherit elementor-invisible elementor-widget elementor-widget-heading\" data-id=\"11abe21\" data-element_type=\"widget\" data-settings=\"{&quot;_animation&quot;:&quot;fadeIn&quot;}\" data-widget_type=\"heading.default\">\n\t\t\t\t\t<h1 class=\"elementor-heading-title elementor-size-default\">LAKOSS\u00c1GI TAN\u00c1CSOK<\/h1>\t\t\t\t<\/div>\n\t\t\t\t<div class=\"elementor-element elementor-element-e5de6d8 elementor-invisible elementor-widget elementor-widget-text-editor\" data-id=\"e5de6d8\" data-element_type=\"widget\" data-settings=\"{&quot;_animation&quot;:&quot;fadeIn&quot;}\" data-widget_type=\"text-editor.default\">\n\t\t\t\t\t\t\t\t\t<p>A Tranzit-1 Kft.-n\u00e9l nap mint nap tal\u00e1lkozunk olyan hib\u00e1kkal, amelyek egy kis odafigyel\u00e9ssel megel\u0151zhet\u0151k lenn\u00e9nek \u2014 ez\u00e9rt k\u00e9sz\u00edtett\u00fck el lakoss\u00e1gi tan\u00e1csainkat. R\u00f6vid, gyakorlatias \u00fatmutat\u00f3ink seg\u00edtenek abban, hogy otthona csatornarendszere biztons\u00e1gosan \u00e9s probl\u00e9mamentesen m\u0171k\u00f6dj\u00f6n. Tudjon meg t\u00f6bbet, hogyan \u00f3vhatja meg ingatlan\u00e1t a v\u00e1ratlan dugul\u00e1sokt\u00f3l \u00e9s ki\u00f6nt\u00e9sekt\u0151l.<\/p>\t\t\t\t\t\t\t\t<\/div>\n\t\t\t\t<div class=\"elementor-element elementor-element-95f7b8c elementor-align-center animated-slow elementor-invisible elementor-widget elementor-widget-button\" data-id=\"95f7b8c\" data-element_type=\"widget\" data-settings=\"{&quot;_animation&quot;:&quot;fadeIn&quot;}\" data-widget_type=\"button.default\">\n\t\t\t\t\t\t\t\t\t\t<a class=\"elementor-button elementor-button-link elementor-size-sm\" href=\"https:\/\/tranzit1.hu\/kapcsolat\/\">\n\t\t\t\t\t\t<span class=\"elementor-button-content-wrapper\">\n\t\t\t\t\t\t<span class=\"elementor-button-icon\">\n\t\t\t\t<svg aria-hidden=\"true\" class=\"e-font-icon-svg e-fas-chevron-right\" viewBox=\"0 0 320 512\" xmlns=\"http:\/\/www.w3.org\/2000\/svg\"><path d=\"M285.476 272.971L91.132 467.314c-9.373 9.373-24.569 9.373-33.941 0l-22.667-22.667c-9.357-9.357-9.375-24.522-.04-33.901L188.505 256 34.484 101.255c-9.335-9.379-9.317-24.544.04-33.901l22.667-22.667c9.373-9.373 24.569-9.373 33.941 0L285.475 239.03c9.373 9.372 9.373 24.568.001 33.941z\"><\/path><\/svg>\t\t\t<\/span>\n\t\t\t\t\t\t\t\t\t<span class=\"elementor-button-text\">Kapcsolat<\/span>\n\t\t\t\t\t<\/span>\n\t\t\t\t\t<\/a>\n\t\t\t\t\t\t\t\t<\/div>\n\t\t\t\t\t<\/div>\n\t\t\t\t<\/div>\n\t\t<div class=\"elementor-element elementor-element-da6afeb e-flex e-con-boxed e-con e-parent\" data-id=\"da6afeb\" data-element_type=\"container\">\n\t\t\t\t\t<div class=\"e-con-inner\">\n\t\t\t\t<div class=\"elementor-element elementor-element-a2ebb86 elementor-grid-3 elementor-grid-tablet-2 elementor-grid-mobile-1 elementor-posts--thumbnail-top elementor-card-shadow-yes elementor-posts__hover-gradient elementor-widget elementor-widget-posts\" data-id=\"a2ebb86\" data-element_type=\"widget\" data-settings=\"{&quot;cards_columns&quot;:&quot;3&quot;,&quot;cards_columns_tablet&quot;:&quot;2&quot;,&quot;cards_columns_mobile&quot;:&quot;1&quot;,&quot;cards_row_gap&quot;:{&quot;unit&quot;:&quot;px&quot;,&quot;size&quot;:35,&quot;sizes&quot;:[]},&quot;cards_row_gap_laptop&quot;:{&quot;unit&quot;:&quot;px&quot;,&quot;size&quot;:&quot;&quot;,&quot;sizes&quot;:[]},&quot;cards_row_gap_tablet&quot;:{&quot;unit&quot;:&quot;px&quot;,&quot;size&quot;:&quot;&quot;,&quot;sizes&quot;:[]},&quot;cards_row_gap_mobile&quot;:{&quot;unit&quot;:&quot;px&quot;,&quot;size&quot;:&quot;&quot;,&quot;sizes&quot;:[]}}\" data-widget_type=\"posts.cards\">\n\t\t\t\t<div class=\"elementor-widget-container\">\n\t\t\t\t\t\t\t<div class=\"elementor-posts-container elementor-posts elementor-posts--skin-cards elementor-grid\" role=\"list\">\n\t\t\t\t<article class=\"elementor-post elementor-grid-item post-424 post type-post status-publish format-standard has-post-thumbnail hentry category-weboldal\" role=\"listitem\">\n\t\t\t<div class=\"elementor-post__card\">\n\t\t\t\t<a class=\"elementor-post__thumbnail__link\" href=\"https:\/\/tranzit1.hu\/hu_hu\/legutobbi-blogcikk-cime-kb-ilyen-hosszu-13\/\" tabindex=\"-1\" ><div class=\"elementor-post__thumbnail\"><img fetchpriority=\"high\" decoding=\"async\" width=\"700\" height=\"466\" src=\"https:\/\/tranzit1.hu\/wp-content\/uploads\/2025\/11\/dugulaselharitas-tippek-700x466.jpg\" class=\"attachment-medium size-medium wp-image-2704\" alt=\"Dugul\u00e1selh\u00e1r\u00edt\u00e1s tippek Tranzit-1 Kft.\" srcset=\"https:\/\/tranzit1.hu\/wp-content\/uploads\/2025\/11\/dugulaselharitas-tippek-700x466.jpg 700w, https:\/\/tranzit1.hu\/wp-content\/uploads\/2025\/11\/dugulaselharitas-tippek-1024x682.jpg 1024w, https:\/\/tranzit1.hu\/wp-content\/uploads\/2025\/11\/dugulaselharitas-tippek-768x511.jpg 768w, https:\/\/tranzit1.hu\/wp-content\/uploads\/2025\/11\/dugulaselharitas-tippek.jpg 1200w\" sizes=\"(max-width: 700px) 100vw, 700px\" \/><\/div><\/a>\n\t\t\t\t<div class=\"elementor-post__text\">\n\t\t\t\t<h3 class=\"elementor-post__title\">\n\t\t\t<a href=\"https:\/\/tranzit1.hu\/hu_hu\/legutobbi-blogcikk-cime-kb-ilyen-hosszu-13\/\" >\n\t\t\t\tHogyan el\u0151zhetem meg a h\u00e1ztart\u00e1si dugul\u00e1st? \u2013 10 bev\u00e1lt m\u00f3dszer szakemberekt\u0151l\t\t\t<\/a>\n\t\t<\/h3>\n\t\t\t\t<div class=\"elementor-post__excerpt\">\n\t\t\t<p>A dugul\u00e1s a legt\u00f6bb h\u00e1ztart\u00e1sban el\u0151bb-ut\u00f3bb megjelenik \u2013 gyakran a legrosszabbkor. A j\u00f3 h\u00edr az, hogy a legt\u00f6bb meghib\u00e1sod\u00e1s megel\u0151zhet\u0151 n\u00e9h\u00e1ny egyszer\u0171 szok\u00e1ssal \u00e9s rendszeres karbantart\u00e1ssal.T\u00f6bb mint 31 \u00e9v tapasztalatunk alapj\u00e1n \u00f6sszegy\u0171jt\u00f6tt\u00fck azt a 10 m\u00f3dszert, amelyekkel jelent\u0151sen cs\u00f6kkenthet\u0151 a dugul\u00e1s es\u00e9lye b\u00e1rmely konyh\u00e1ban, f\u00fcrd\u0151szob\u00e1ban vagy csal\u00e1di h\u00e1zas csatornarendszerben. 1. Ne \u00f6nts\u00f6n zs\u00edrt, olajat vagy \u00e9telmarad\u00e9kot a lefoly\u00f3ba. A dugul\u00e1sok<\/p>\n\t\t<\/div>\n\t\t\n\t\t<a class=\"elementor-post__read-more\" href=\"https:\/\/tranzit1.hu\/hu_hu\/legutobbi-blogcikk-cime-kb-ilyen-hosszu-13\/\" aria-label=\"Read more about Hogyan el\u0151zhetem meg a h\u00e1ztart\u00e1si dugul\u00e1st? \u2013 10 bev\u00e1lt m\u00f3dszer szakemberekt\u0151l\" tabindex=\"-1\" >\n\t\t\tTov\u00e1bb olvasom \u00bb\t\t<\/a>\n\n\t\t\t\t<\/div>\n\t\t\t\t\t<\/div>\n\t\t<\/article>\n\t\t\t\t<article class=\"elementor-post elementor-grid-item post-423 post type-post status-publish format-standard has-post-thumbnail hentry category-weboldal\" role=\"listitem\">\n\t\t\t<div class=\"elementor-post__card\">\n\t\t\t\t<a class=\"elementor-post__thumbnail__link\" href=\"https:\/\/tranzit1.hu\/hu_hu\/legutobbi-blogcikk-cime-kb-ilyen-hosszu-12\/\" tabindex=\"-1\" ><div class=\"elementor-post__thumbnail\"><img decoding=\"async\" width=\"700\" height=\"394\" src=\"https:\/\/tranzit1.hu\/wp-content\/uploads\/2025\/12\/Szennyviz-szippantas-Debrecen_169-700x394.jpg\" class=\"attachment-medium size-medium wp-image-2636\" alt=\"Szennyv\u00edz szippant\u00e1s Debrecen_169\" srcset=\"https:\/\/tranzit1.hu\/wp-content\/uploads\/2025\/12\/Szennyviz-szippantas-Debrecen_169-700x394.jpg 700w, https:\/\/tranzit1.hu\/wp-content\/uploads\/2025\/12\/Szennyviz-szippantas-Debrecen_169-768x432.jpg 768w, https:\/\/tranzit1.hu\/wp-content\/uploads\/2025\/12\/Szennyviz-szippantas-Debrecen_169.jpg 1002w\" sizes=\"(max-width: 700px) 100vw, 700px\" \/><\/div><\/a>\n\t\t\t\t<div class=\"elementor-post__text\">\n\t\t\t\t<h3 class=\"elementor-post__title\">\n\t\t\t<a href=\"https:\/\/tranzit1.hu\/hu_hu\/legutobbi-blogcikk-cime-kb-ilyen-hosszu-12\/\" >\n\t\t\t\tSzippant\u00e1s kisokos lakoss\u00e1gnak: mikor sz\u00fcks\u00e9ges, hogyan zajlik, \u00e9s mire figyeljek?\t\t\t<\/a>\n\t\t<\/h3>\n\t\t\t\t<div class=\"elementor-post__excerpt\">\n\t\t\t<p>A nem k\u00f6zm\u0171vel \u00f6sszegy\u0171jt\u00f6tt h\u00e1ztart\u00e1si szennyv\u00edz \u2013 vagyis az em\u00e9szt\u0151g\u00f6dr\u00f6k \u00e9s z\u00e1rt szennyv\u00edzt\u00e1rol\u00f3k tartalma \u2013 rendszeres \u00fcr\u00edt\u00e9st ig\u00e9nyel. Ez nemcsak k\u00e9nyelmi, hanem jogszab\u00e1lyi k\u00f6telezetts\u00e9g is, amely minden olyan ingatlanra vonatkozik, amely nincs r\u00e1k\u00f6tve a k\u00f6zcsatorn\u00e1ra.A telep\u00fcl\u00e9seken a szolg\u00e1ltat\u00e1st a v\u00e1rosi rendelet alapj\u00e1n kiz\u00e1r\u00f3lag enged\u00e9llyel rendelkez\u0151 szippant\u00f3 szolg\u00e1ltat\u00f3 v\u00e9gezheti. Ezen tev\u00e9kenys\u00e9gek v\u00e9gz\u00e9s\u00e9hez c\u00e9g\u00fcnk minden enged\u00e9llyel rendelkezik. Az al\u00e1bbi \u00fatmutat\u00f3 bemutatja, mikor<\/p>\n\t\t<\/div>\n\t\t\n\t\t<a class=\"elementor-post__read-more\" href=\"https:\/\/tranzit1.hu\/hu_hu\/legutobbi-blogcikk-cime-kb-ilyen-hosszu-12\/\" aria-label=\"Read more about Szippant\u00e1s kisokos lakoss\u00e1gnak: mikor sz\u00fcks\u00e9ges, hogyan zajlik, \u00e9s mire figyeljek?\" tabindex=\"-1\" >\n\t\t\tTov\u00e1bb olvasom \u00bb\t\t<\/a>\n\n\t\t\t\t<\/div>\n\t\t\t\t\t<\/div>\n\t\t<\/article>\n\t\t\t\t<article class=\"elementor-post elementor-grid-item post-422 post type-post status-publish format-standard has-post-thumbnail hentry category-weboldal\" role=\"listitem\">\n\t\t\t<div class=\"elementor-post__card\">\n\t\t\t\t<a class=\"elementor-post__thumbnail__link\" href=\"https:\/\/tranzit1.hu\/hu_hu\/legutobbi-blogcikk-cime-kb-ilyen-hosszu-11\/\" tabindex=\"-1\" ><div class=\"elementor-post__thumbnail\"><img decoding=\"async\" width=\"700\" height=\"525\" src=\"https:\/\/tranzit1.hu\/wp-content\/uploads\/2025\/11\/mobilwc_berles_debrecen-700x525.jpg\" class=\"attachment-medium size-medium wp-image-2717\" alt=\"\" srcset=\"https:\/\/tranzit1.hu\/wp-content\/uploads\/2025\/11\/mobilwc_berles_debrecen-700x525.jpg 700w, https:\/\/tranzit1.hu\/wp-content\/uploads\/2025\/11\/mobilwc_berles_debrecen-768x576.jpg 768w, https:\/\/tranzit1.hu\/wp-content\/uploads\/2025\/11\/mobilwc_berles_debrecen.jpg 975w\" sizes=\"(max-width: 700px) 100vw, 700px\" \/><\/div><\/a>\n\t\t\t\t<div class=\"elementor-post__text\">\n\t\t\t\t<h3 class=\"elementor-post__title\">\n\t\t\t<a href=\"https:\/\/tranzit1.hu\/hu_hu\/legutobbi-blogcikk-cime-kb-ilyen-hosszu-11\/\" >\n\t\t\t\tMobil WC b\u00e9rl\u00e9s lakoss\u00e1gi rendezv\u00e9nyre \u00e9s \u00e9p\u00edtkez\u00e9sre: mikor, mennyit, milyen t\u00edpust v\u00e1lasszak?\t\t\t<\/a>\n\t\t<\/h3>\n\t\t\t\t<div class=\"elementor-post__excerpt\">\n\t\t\t<p>Egyre t\u00f6bb csal\u00e1di rendezv\u00e9nyen \u00e9s \u00e9p\u00edt\u00e9si munkater\u00fcleten v\u00e1lik sz\u00fcks\u00e9gess\u00e9 a mobil WC b\u00e9rl\u00e9se. Legyen sz\u00f3 sz\u00fclet\u00e9snapr\u00f3l, esk\u00fcv\u0151r\u0151l, falunapr\u00f3l vagy t\u00f6bbhetes \u00e9p\u00edtkez\u00e9sr\u0151l, a higi\u00e9nia biztos\u00edt\u00e1sa ma m\u00e1r alapfelt\u00e9tel \u2013 a munkater\u00fcleteken pedig jogszab\u00e1lyi k\u00f6telezetts\u00e9g. Ebben az \u00fatmutat\u00f3ban bemutatjuk: 1. Mikor \u00e9rdemes mobil WC-t b\u00e9relni? Rendezv\u00e9nyek eset\u00e9n H\u00e1rom tipikus helyzetben sz\u00fcks\u00e9ges mobil WC: \u00c9p\u00edtkez\u00e9seken \u2013 mikor k\u00f6telez\u0151? A jogszab\u00e1ly szerint minden \u00e9p\u00edt\u00e9si<\/p>\n\t\t<\/div>\n\t\t\n\t\t<a class=\"elementor-post__read-more\" href=\"https:\/\/tranzit1.hu\/hu_hu\/legutobbi-blogcikk-cime-kb-ilyen-hosszu-11\/\" aria-label=\"Read more about Mobil WC b\u00e9rl\u00e9s lakoss\u00e1gi rendezv\u00e9nyre \u00e9s \u00e9p\u00edtkez\u00e9sre: mikor, mennyit, milyen t\u00edpust v\u00e1lasszak?\" tabindex=\"-1\" >\n\t\t\tTov\u00e1bb olvasom \u00bb\t\t<\/a>\n\n\t\t\t\t<\/div>\n\t\t\t\t\t<\/div>\n\t\t<\/article>\n\t\t\t\t<\/div>\n\t\t\n\t\t\t\t\t\t<\/div>\n\t\t\t\t<\/div>\n\t\t\t\t\t<\/div>\n\t\t\t\t<\/div>\n\t\t\t\t<\/div>\n\t\t","protected":false},"excerpt":{"rendered":"<p>LAKOSS\u00c1GI TAN\u00c1CSOK A Tranzit-1 Kft.-n\u00e9l nap mint nap tal\u00e1lkozunk olyan hib\u00e1kkal, amelyek egy kis odafigyel\u00e9ssel megel\u0151zhet\u0151k lenn\u00e9nek \u2014 ez\u00e9rt k\u00e9sz\u00edtett\u00fck el lakoss\u00e1gi tan\u00e1csainkat. R\u00f6vid, gyakorlatias \u00fatmutat\u00f3ink seg\u00edtenek abban, hogy otthona csatornarendszere biztons\u00e1gosan \u00e9s probl\u00e9mamentesen m\u0171k\u00f6dj\u00f6n. Tudjon meg t\u00f6bbet, hogyan \u00f3vhatja meg ingatlan\u00e1t a v\u00e1ratlan dugul\u00e1sokt\u00f3l \u00e9s ki\u00f6nt\u00e9sekt\u0151l. Kapcsolat<\/p>\n","protected":false},"author":1,"featured_media":0,"parent":628,"menu_order":0,"comment_status":"closed","ping_status":"closed","template":"","meta":{"footnotes":""},"class_list":["post-2659","page","type-page","status-publish","hentry"],"yoast_head":"<!-- This site is optimized with the Yoast SEO plugin v27.4 - https:\/\/yoast.com\/product\/yoast-seo-wordpress\/ -->\n<title>Lakoss\u00e1gi tan\u00e1csok \u2013 Dugul\u00e1selh\u00e1r\u00edt\u00e1s \u00e9s csatornatiszt\u00edt\u00e1s tippek<\/title>\n<meta name=\"description\" content=\"Gyakorlati tan\u00e1csok lakoss\u00e1gi \u00fcgyfeleknek a dugul\u00e1sok megel\u0151z\u00e9s\u00e9re, csatornatiszt\u00edt\u00e1sra \u00e9s szennyv\u00edzkezel\u00e9sre. Mikor el\u00e9g az otthoni megold\u00e1s, \u00e9s mikor kell szakember?\" \/>\n<meta name=\"robots\" content=\"index, follow, max-snippet:-1, max-image-preview:large, max-video-preview:-1\" \/>\n<link rel=\"canonical\" href=\"https:\/\/tranzit1.hu\/hu_hu\/tudastar\/lakossagi-tanacsok\/\" \/>\n<meta property=\"og:locale\" content=\"hu_HU\" \/>\n<meta property=\"og:type\" content=\"article\" \/>\n<meta property=\"og:title\" content=\"Lakoss\u00e1gi tan\u00e1csok \u2013 Dugul\u00e1selh\u00e1r\u00edt\u00e1s \u00e9s csatornatiszt\u00edt\u00e1s tippek\" \/>\n<meta property=\"og:description\" content=\"Gyakorlati tan\u00e1csok lakoss\u00e1gi \u00fcgyfeleknek a dugul\u00e1sok megel\u0151z\u00e9s\u00e9re, csatornatiszt\u00edt\u00e1sra \u00e9s szennyv\u00edzkezel\u00e9sre. Mikor el\u00e9g az otthoni megold\u00e1s, \u00e9s mikor kell szakember?\" \/>\n<meta property=\"og:url\" content=\"https:\/\/tranzit1.hu\/hu_hu\/tudastar\/lakossagi-tanacsok\/\" \/>\n<meta property=\"og:site_name\" content=\"Tranzit-1 K\u00f6rnyezetv\u00e9delmi \u00e9s Szolg\u00e1ltat\u00f3 Kft.\" \/>\n<meta property=\"article:publisher\" content=\"https:\/\/www.facebook.com\/Tranzit1Kft\" \/>\n<meta property=\"article:modified_time\" content=\"2025-12-10T11:12:22+00:00\" \/>\n<meta property=\"og:image\" content=\"https:\/\/tranzit1.hu\/wp-content\/uploads\/2025\/12\/Folyekony-veszelyes-hulladekszallito-43.jpg\" \/>\n\t<meta property=\"og:image:width\" content=\"1109\" \/>\n\t<meta property=\"og:image:height\" content=\"832\" \/>\n\t<meta property=\"og:image:type\" content=\"image\/jpeg\" \/>\n<meta name=\"twitter:card\" content=\"summary_large_image\" \/>\n<meta name=\"twitter:label1\" content=\"Becs\u00fclt olvas\u00e1si id\u0151\" \/>\n\t<meta name=\"twitter:data1\" content=\"1 perc\" \/>\n<script type=\"application\/ld+json\" class=\"yoast-schema-graph\">{\"@context\":\"https:\\\/\\\/schema.org\",\"@graph\":[{\"@type\":\"TechArticle\",\"@id\":\"https:\\\/\\\/tranzit1.hu\\\/tudastar\\\/lakossagi-tanacsok\\\/#article\",\"isPartOf\":{\"@id\":\"https:\\\/\\\/tranzit1.hu\\\/tudastar\\\/lakossagi-tanacsok\\\/\"},\"author\":{\"name\":\"tranzit1\",\"@id\":\"https:\\\/\\\/tranzit1.hu\\\/#\\\/schema\\\/person\\\/40021cd27ea4f8b09ced9fac64c0851c\"},\"headline\":\"Lakoss\u00e1gi tan\u00e1csok\",\"datePublished\":\"2025-12-01T13:41:06+00:00\",\"dateModified\":\"2025-12-10T11:12:22+00:00\",\"mainEntityOfPage\":{\"@id\":\"https:\\\/\\\/tranzit1.hu\\\/tudastar\\\/lakossagi-tanacsok\\\/\"},\"wordCount\":83,\"publisher\":{\"@id\":\"https:\\\/\\\/tranzit1.hu\\\/#organization\"},\"inLanguage\":\"hu\"},{\"@type\":\"WebPage\",\"@id\":\"https:\\\/\\\/tranzit1.hu\\\/tudastar\\\/lakossagi-tanacsok\\\/\",\"url\":\"https:\\\/\\\/tranzit1.hu\\\/tudastar\\\/lakossagi-tanacsok\\\/\",\"name\":\"Lakoss\u00e1gi tan\u00e1csok \u2013 Dugul\u00e1selh\u00e1r\u00edt\u00e1s \u00e9s csatornatiszt\u00edt\u00e1s tippek\",\"isPartOf\":{\"@id\":\"https:\\\/\\\/tranzit1.hu\\\/#website\"},\"datePublished\":\"2025-12-01T13:41:06+00:00\",\"dateModified\":\"2025-12-10T11:12:22+00:00\",\"description\":\"Gyakorlati tan\u00e1csok lakoss\u00e1gi \u00fcgyfeleknek a dugul\u00e1sok megel\u0151z\u00e9s\u00e9re, csatornatiszt\u00edt\u00e1sra \u00e9s szennyv\u00edzkezel\u00e9sre. Mikor el\u00e9g az otthoni megold\u00e1s, \u00e9s mikor kell szakember?\",\"breadcrumb\":{\"@id\":\"https:\\\/\\\/tranzit1.hu\\\/tudastar\\\/lakossagi-tanacsok\\\/#breadcrumb\"},\"inLanguage\":\"hu\",\"potentialAction\":[{\"@type\":\"ReadAction\",\"target\":[\"https:\\\/\\\/tranzit1.hu\\\/tudastar\\\/lakossagi-tanacsok\\\/\"]}]},{\"@type\":\"BreadcrumbList\",\"@id\":\"https:\\\/\\\/tranzit1.hu\\\/tudastar\\\/lakossagi-tanacsok\\\/#breadcrumb\",\"itemListElement\":[{\"@type\":\"ListItem\",\"position\":1,\"name\":\"Kezd\u0151lap\",\"item\":\"https:\\\/\\\/tranzit1.hu\\\/\"},{\"@type\":\"ListItem\",\"position\":2,\"name\":\"Tud\u00e1st\u00e1r\",\"item\":\"https:\\\/\\\/tranzit1.hu\\\/tudastar\\\/\"},{\"@type\":\"ListItem\",\"position\":3,\"name\":\"Lakoss\u00e1gi tan\u00e1csok\"}]},{\"@type\":\"WebSite\",\"@id\":\"https:\\\/\\\/tranzit1.hu\\\/#website\",\"url\":\"https:\\\/\\\/tranzit1.hu\\\/\",\"name\":\"Tranzit-1 K\u00f6rnyezetv\u00e9delmi \u00e9s Szolg\u00e1ltat\u00f3 Kft.\",\"description\":\"Ipari \u00e9s lakoss\u00e1gi szennyv\u00edzkezel\u00e9s Debrecenben \u00e9s Kelet-Magyarorszg\u00e1on\",\"publisher\":{\"@id\":\"https:\\\/\\\/tranzit1.hu\\\/#organization\"},\"alternateName\":\"Tranzit-1 Kft.\",\"potentialAction\":[{\"@type\":\"SearchAction\",\"target\":{\"@type\":\"EntryPoint\",\"urlTemplate\":\"https:\\\/\\\/tranzit1.hu\\\/?s={search_term_string}\"},\"query-input\":{\"@type\":\"PropertyValueSpecification\",\"valueRequired\":true,\"valueName\":\"search_term_string\"}}],\"inLanguage\":\"hu\"},{\"@type\":\"Organization\",\"@id\":\"https:\\\/\\\/tranzit1.hu\\\/#organization\",\"name\":\"Tranzit-1 K\u00f6rnyezetv\u00e9delmi \u00e9s Szolg\u00e1ltat\u00f3 Kft.\",\"alternateName\":\"Tranzit-1 Kft.\",\"url\":\"https:\\\/\\\/tranzit1.hu\\\/\",\"logo\":{\"@type\":\"ImageObject\",\"inLanguage\":\"hu\",\"@id\":\"https:\\\/\\\/tranzit1.hu\\\/#\\\/schema\\\/logo\\\/image\\\/\",\"url\":\"http:\\\/\\\/tranzit1.hu\\\/wp-content\\\/uploads\\\/2025\\\/11\\\/PNG-Tranzit-honlap-logo-350.png\",\"contentUrl\":\"http:\\\/\\\/tranzit1.hu\\\/wp-content\\\/uploads\\\/2025\\\/11\\\/PNG-Tranzit-honlap-logo-350.png\",\"width\":350,\"height\":124,\"caption\":\"Tranzit-1 K\u00f6rnyezetv\u00e9delmi \u00e9s Szolg\u00e1ltat\u00f3 Kft.\"},\"image\":{\"@id\":\"https:\\\/\\\/tranzit1.hu\\\/#\\\/schema\\\/logo\\\/image\\\/\"},\"sameAs\":[\"https:\\\/\\\/www.facebook.com\\\/Tranzit1Kft\"]},{\"@type\":\"Person\",\"@id\":\"https:\\\/\\\/tranzit1.hu\\\/#\\\/schema\\\/person\\\/40021cd27ea4f8b09ced9fac64c0851c\",\"name\":\"tranzit1\",\"image\":{\"@type\":\"ImageObject\",\"inLanguage\":\"hu\",\"@id\":\"https:\\\/\\\/secure.gravatar.com\\\/avatar\\\/3981f5f97fee115cf374fe1b8e131ed1317a364912376a4a9069fc2703980398?s=96&d=mm&r=g\",\"url\":\"https:\\\/\\\/secure.gravatar.com\\\/avatar\\\/3981f5f97fee115cf374fe1b8e131ed1317a364912376a4a9069fc2703980398?s=96&d=mm&r=g\",\"contentUrl\":\"https:\\\/\\\/secure.gravatar.com\\\/avatar\\\/3981f5f97fee115cf374fe1b8e131ed1317a364912376a4a9069fc2703980398?s=96&d=mm&r=g\",\"caption\":\"tranzit1\"},\"sameAs\":[\"http:\\\/\\\/tranzit1.hu\"],\"url\":\"https:\\\/\\\/tranzit1.hu\\\/hu_hu\\\/author\\\/tranzit1\\\/\"}]}<\/script>\n<!-- \/ Yoast SEO plugin. -->","yoast_head_json":{"title":"Lakoss\u00e1gi tan\u00e1csok \u2013 Dugul\u00e1selh\u00e1r\u00edt\u00e1s \u00e9s csatornatiszt\u00edt\u00e1s tippek","description":"Gyakorlati tan\u00e1csok lakoss\u00e1gi \u00fcgyfeleknek a dugul\u00e1sok megel\u0151z\u00e9s\u00e9re, csatornatiszt\u00edt\u00e1sra \u00e9s szennyv\u00edzkezel\u00e9sre. Mikor el\u00e9g az otthoni megold\u00e1s, \u00e9s mikor kell szakember?","robots":{"index":"index","follow":"follow","max-snippet":"max-snippet:-1","max-image-preview":"max-image-preview:large","max-video-preview":"max-video-preview:-1"},"canonical":"https:\/\/tranzit1.hu\/hu_hu\/tudastar\/lakossagi-tanacsok\/","og_locale":"hu_HU","og_type":"article","og_title":"Lakoss\u00e1gi tan\u00e1csok \u2013 Dugul\u00e1selh\u00e1r\u00edt\u00e1s \u00e9s csatornatiszt\u00edt\u00e1s tippek","og_description":"Gyakorlati tan\u00e1csok lakoss\u00e1gi \u00fcgyfeleknek a dugul\u00e1sok megel\u0151z\u00e9s\u00e9re, csatornatiszt\u00edt\u00e1sra \u00e9s szennyv\u00edzkezel\u00e9sre. Mikor el\u00e9g az otthoni megold\u00e1s, \u00e9s mikor kell szakember?","og_url":"https:\/\/tranzit1.hu\/hu_hu\/tudastar\/lakossagi-tanacsok\/","og_site_name":"Tranzit-1 K\u00f6rnyezetv\u00e9delmi \u00e9s Szolg\u00e1ltat\u00f3 Kft.","article_publisher":"https:\/\/www.facebook.com\/Tranzit1Kft","article_modified_time":"2025-12-10T11:12:22+00:00","og_image":[{"width":1109,"height":832,"url":"https:\/\/tranzit1.hu\/wp-content\/uploads\/2025\/12\/Folyekony-veszelyes-hulladekszallito-43.jpg","type":"image\/jpeg"}],"twitter_card":"summary_large_image","twitter_misc":{"Becs\u00fclt olvas\u00e1si id\u0151":"1 perc"},"schema":{"@context":"https:\/\/schema.org","@graph":[{"@type":"TechArticle","@id":"https:\/\/tranzit1.hu\/tudastar\/lakossagi-tanacsok\/#article","isPartOf":{"@id":"https:\/\/tranzit1.hu\/tudastar\/lakossagi-tanacsok\/"},"author":{"name":"tranzit1","@id":"https:\/\/tranzit1.hu\/#\/schema\/person\/40021cd27ea4f8b09ced9fac64c0851c"},"headline":"Lakoss\u00e1gi tan\u00e1csok","datePublished":"2025-12-01T13:41:06+00:00","dateModified":"2025-12-10T11:12:22+00:00","mainEntityOfPage":{"@id":"https:\/\/tranzit1.hu\/tudastar\/lakossagi-tanacsok\/"},"wordCount":83,"publisher":{"@id":"https:\/\/tranzit1.hu\/#organization"},"inLanguage":"hu"},{"@type":"WebPage","@id":"https:\/\/tranzit1.hu\/tudastar\/lakossagi-tanacsok\/","url":"https:\/\/tranzit1.hu\/tudastar\/lakossagi-tanacsok\/","name":"Lakoss\u00e1gi tan\u00e1csok \u2013 Dugul\u00e1selh\u00e1r\u00edt\u00e1s \u00e9s csatornatiszt\u00edt\u00e1s tippek","isPartOf":{"@id":"https:\/\/tranzit1.hu\/#website"},"datePublished":"2025-12-01T13:41:06+00:00","dateModified":"2025-12-10T11:12:22+00:00","description":"Gyakorlati tan\u00e1csok lakoss\u00e1gi \u00fcgyfeleknek a dugul\u00e1sok megel\u0151z\u00e9s\u00e9re, csatornatiszt\u00edt\u00e1sra \u00e9s szennyv\u00edzkezel\u00e9sre. Mikor el\u00e9g az otthoni megold\u00e1s, \u00e9s mikor kell szakember?","breadcrumb":{"@id":"https:\/\/tranzit1.hu\/tudastar\/lakossagi-tanacsok\/#breadcrumb"},"inLanguage":"hu","potentialAction":[{"@type":"ReadAction","target":["https:\/\/tranzit1.hu\/tudastar\/lakossagi-tanacsok\/"]}]},{"@type":"BreadcrumbList","@id":"https:\/\/tranzit1.hu\/tudastar\/lakossagi-tanacsok\/#breadcrumb","itemListElement":[{"@type":"ListItem","position":1,"name":"Kezd\u0151lap","item":"https:\/\/tranzit1.hu\/"},{"@type":"ListItem","position":2,"name":"Tud\u00e1st\u00e1r","item":"https:\/\/tranzit1.hu\/tudastar\/"},{"@type":"ListItem","position":3,"name":"Lakoss\u00e1gi tan\u00e1csok"}]},{"@type":"WebSite","@id":"https:\/\/tranzit1.hu\/#website","url":"https:\/\/tranzit1.hu\/","name":"Tranzit-1 K\u00f6rnyezetv\u00e9delmi \u00e9s Szolg\u00e1ltat\u00f3 Kft.","description":"Ipari \u00e9s lakoss\u00e1gi szennyv\u00edzkezel\u00e9s Debrecenben \u00e9s Kelet-Magyarorszg\u00e1on","publisher":{"@id":"https:\/\/tranzit1.hu\/#organization"},"alternateName":"Tranzit-1 Kft.","potentialAction":[{"@type":"SearchAction","target":{"@type":"EntryPoint","urlTemplate":"https:\/\/tranzit1.hu\/?s={search_term_string}"},"query-input":{"@type":"PropertyValueSpecification","valueRequired":true,"valueName":"search_term_string"}}],"inLanguage":"hu"},{"@type":"Organization","@id":"https:\/\/tranzit1.hu\/#organization","name":"Tranzit-1 K\u00f6rnyezetv\u00e9delmi \u00e9s Szolg\u00e1ltat\u00f3 Kft.","alternateName":"Tranzit-1 Kft.","url":"https:\/\/tranzit1.hu\/","logo":{"@type":"ImageObject","inLanguage":"hu","@id":"https:\/\/tranzit1.hu\/#\/schema\/logo\/image\/","url":"http:\/\/tranzit1.hu\/wp-content\/uploads\/2025\/11\/PNG-Tranzit-honlap-logo-350.png","contentUrl":"http:\/\/tranzit1.hu\/wp-content\/uploads\/2025\/11\/PNG-Tranzit-honlap-logo-350.png","width":350,"height":124,"caption":"Tranzit-1 K\u00f6rnyezetv\u00e9delmi \u00e9s Szolg\u00e1ltat\u00f3 Kft."},"image":{"@id":"https:\/\/tranzit1.hu\/#\/schema\/logo\/image\/"},"sameAs":["https:\/\/www.facebook.com\/Tranzit1Kft"]},{"@type":"Person","@id":"https:\/\/tranzit1.hu\/#\/schema\/person\/40021cd27ea4f8b09ced9fac64c0851c","name":"tranzit1","image":{"@type":"ImageObject","inLanguage":"hu","@id":"https:\/\/secure.gravatar.com\/avatar\/3981f5f97fee115cf374fe1b8e131ed1317a364912376a4a9069fc2703980398?s=96&d=mm&r=g","url":"https:\/\/secure.gravatar.com\/avatar\/3981f5f97fee115cf374fe1b8e131ed1317a364912376a4a9069fc2703980398?s=96&d=mm&r=g","contentUrl":"https:\/\/secure.gravatar.com\/avatar\/3981f5f97fee115cf374fe1b8e131ed1317a364912376a4a9069fc2703980398?s=96&d=mm&r=g","caption":"tranzit1"},"sameAs":["http:\/\/tranzit1.hu"],"url":"https:\/\/tranzit1.hu\/hu_hu\/author\/tranzit1\/"}]}},"_links":{"self":[{"href":"https:\/\/tranzit1.hu\/hu_hu\/wp-json\/wp\/v2\/pages\/2659","targetHints":{"allow":["GET"]}}],"collection":[{"href":"https:\/\/tranzit1.hu\/hu_hu\/wp-json\/wp\/v2\/pages"}],"about":[{"href":"https:\/\/tranzit1.hu\/hu_hu\/wp-json\/wp\/v2\/types\/page"}],"author":[{"embeddable":true,"href":"https:\/\/tranzit1.hu\/hu_hu\/wp-json\/wp\/v2\/users\/1"}],"replies":[{"embeddable":true,"href":"https:\/\/tranzit1.hu\/hu_hu\/wp-json\/wp\/v2\/comments?post=2659"}],"version-history":[{"count":19,"href":"https:\/\/tranzit1.hu\/hu_hu\/wp-json\/wp\/v2\/pages\/2659\/revisions"}],"predecessor-version":[{"id":2863,"href":"https:\/\/tranzit1.hu\/hu_hu\/wp-json\/wp\/v2\/pages\/2659\/revisions\/2863"}],"up":[{"embeddable":true,"href":"https:\/\/tranzit1.hu\/hu_hu\/wp-json\/wp\/v2\/pages\/628"}],"wp:attachment":[{"href":"https:\/\/tranzit1.hu\/hu_hu\/wp-json\/wp\/v2\/media?parent=2659"}],"curies":[{"name":"wp","href":"https:\/\/api.w.org\/{rel}","templated":true}]}}