{"id":3762,"date":"2025-12-09T17:21:52","date_gmt":"2025-12-09T16:21:52","guid":{"rendered":"https:\/\/tranzit1.hu\/?page_id=3762"},"modified":"2025-12-16T16:46:41","modified_gmt":"2025-12-16T15:46:41","slug":"impresszum","status":"publish","type":"page","link":"https:\/\/tranzit1.hu\/hu_hu\/impresszum\/","title":{"rendered":"Impresszum"},"content":{"rendered":"\t\t<div data-elementor-type=\"wp-page\" data-elementor-id=\"3762\" class=\"elementor elementor-3762\" data-elementor-post-type=\"page\">\n\t\t\t\t<div class=\"elementor-element elementor-element-0289faf e-flex e-con-boxed e-con e-parent\" data-id=\"0289faf\" data-element_type=\"container\" data-settings=\"{&quot;background_background&quot;:&quot;classic&quot;,&quot;animation&quot;:&quot;none&quot;}\">\n\t\t\t\t\t<div class=\"e-con-inner\">\n\t\t\t\t<div class=\"elementor-element elementor-element-9cdcb9e elementor-invisible elementor-widget elementor-widget-heading\" data-id=\"9cdcb9e\" data-element_type=\"widget\" data-settings=\"{&quot;_animation&quot;:&quot;fadeIn&quot;}\" data-widget_type=\"heading.default\">\n\t\t\t\t\t<h1 class=\"elementor-heading-title elementor-size-default\">IMPRESSZUM<\/h1>\t\t\t\t<\/div>\n\t\t\t\t<div class=\"elementor-element elementor-element-5236fd9 elementor-invisible elementor-widget elementor-widget-text-editor\" data-id=\"5236fd9\" data-element_type=\"widget\" data-settings=\"{&quot;_animation&quot;:&quot;fadeIn&quot;}\" data-widget_type=\"text-editor.default\">\n\t\t\t\t\t\t\t\t\t<p>Megb\u00edzhat\u00f3 partner a vesz\u00e9lyes foly\u00e9kony hullad\u00e9k sz\u00e1ll\u00edt\u00e1s, dugul\u00e1selh\u00e1r\u00edt\u00e1s, szennyv\u00edz szippant\u00e1s ter\u00fclet\u00e9n, 1991 \u00f3ta<\/p>\t\t\t\t\t\t\t\t<\/div>\n\t\t\t\t<div class=\"elementor-element elementor-element-538bdf3 elementor-align-center animated-slow elementor-invisible elementor-widget elementor-widget-button\" data-id=\"538bdf3\" data-element_type=\"widget\" data-settings=\"{&quot;_animation&quot;:&quot;fadeIn&quot;}\" data-widget_type=\"button.default\">\n\t\t\t\t\t\t\t\t\t\t<a class=\"elementor-button elementor-button-link elementor-size-sm\" href=\"https:\/\/tranzit1.hu\/hu_hu\/kapcsolat\/\">\n\t\t\t\t\t\t<span class=\"elementor-button-content-wrapper\">\n\t\t\t\t\t\t<span class=\"elementor-button-icon\">\n\t\t\t\t<svg aria-hidden=\"true\" class=\"e-font-icon-svg e-fas-chevron-right\" viewBox=\"0 0 320 512\" xmlns=\"http:\/\/www.w3.org\/2000\/svg\"><path d=\"M285.476 272.971L91.132 467.314c-9.373 9.373-24.569 9.373-33.941 0l-22.667-22.667c-9.357-9.357-9.375-24.522-.04-33.901L188.505 256 34.484 101.255c-9.335-9.379-9.317-24.544.04-33.901l22.667-22.667c9.373-9.373 24.569-9.373 33.941 0L285.475 239.03c9.373 9.372 9.373 24.568.001 33.941z\"><\/path><\/svg>\t\t\t<\/span>\n\t\t\t\t\t\t\t\t\t<span class=\"elementor-button-text\">KAPCSOLAT<\/span>\n\t\t\t\t\t<\/span>\n\t\t\t\t\t<\/a>\n\t\t\t\t\t\t\t\t<\/div>\n\t\t\t\t\t<\/div>\n\t\t\t\t<\/div>\n\t\t<div class=\"elementor-element elementor-element-9804eba e-flex e-con-boxed elementor-invisible e-con e-parent\" data-id=\"9804eba\" data-element_type=\"container\" data-settings=\"{&quot;animation&quot;:&quot;fadeInUp&quot;}\">\n\t\t\t\t\t<div class=\"e-con-inner\">\n\t\t\t\t<div class=\"elementor-element elementor-element-018915e elementor-widget__width-initial elementor-widget elementor-widget-heading\" data-id=\"018915e\" data-element_type=\"widget\" data-widget_type=\"heading.default\">\n\t\t\t\t\t<h2 class=\"elementor-heading-title elementor-size-default\">Szolg\u00e1ltat\u00f3 adatai:<\/h2>\t\t\t\t<\/div>\n\t\t\t\t<div class=\"elementor-element elementor-element-62b3f5f elementor-widget__width-initial elementor-widget elementor-widget-text-editor\" data-id=\"62b3f5f\" data-element_type=\"widget\" data-widget_type=\"text-editor.default\">\n\t\t\t\t\t\t\t\t\t<div class=\"elementor-element elementor-element-2403797 elementor-widget elementor-widget-heading\" data-id=\"2403797\" data-element_type=\"widget\" data-widget_type=\"heading.default\"><div class=\"elementor-widget-container\"><p class=\"elementor-heading-title elementor-size-default\"><strong style=\"font-size: 16px;\">Szolg\u00e1ltat\u00f3 neve:<\/strong><span style=\"font-size: 16px;\"> TRANZIT &#8211; 1 K\u00f6rnyezetv\u00e9delmi Szolg\u00e1ltat\u00f3 Korl\u00e1tolt Felel\u0151ss\u00e9g\u0171 T\u00e1rsas\u00e1g<\/span><\/p><\/div><\/div><div class=\"elementor-element elementor-element-5e75fe9 elementor-widget elementor-widget-text-editor\" data-id=\"5e75fe9\" data-element_type=\"widget\" data-widget_type=\"text-editor.default\"><div class=\"elementor-widget-container\"><p><strong>Telefonsz\u00e1m:<\/strong> +36 52 437 365<\/p><p><strong>E-mail c\u00edm:<\/strong> tranzit-1.kft@gmail.com<\/p><p><strong>Ad\u00f3sz\u00e1m:<\/strong> 11155991-2-09<\/p><p><strong>Sz\u00e9khely:<\/strong> 4030 Debrecen Di\u00f3szegi \u00fat 32.<\/p><\/div><\/div><div class=\"elementor-element elementor-element-e0ee994 elementor-widget elementor-widget-text-editor\" data-id=\"e0ee994\" data-element_type=\"widget\" data-widget_type=\"text-editor.default\"><div class=\"elementor-widget-container\"><p>A honlapon tal\u00e1lhat\u00f3 inform\u00e1ci\u00f3k, bejegyz\u00e9sek nem min\u0151s\u00fclnek aj\u00e1nlatt\u00e9telnek, aj\u00e1nlatt\u00e9telre t\u00f6rt\u00e9n\u0151 felh\u00edv\u00e1snak vagy konkr\u00e9t \u00fczleti tan\u00e1csad\u00e1snak, kiz\u00e1r\u00f3lagos c\u00e9ljuk az, hogy az \u00e9rdekl\u0151d\u0151k t\u00e1j\u00e9koz\u00f3dni tudjanak a Tranzit-1 Kft. el\u00e9rhet\u0151s\u00e9geir\u0151l \u00e9s szolg\u00e1ltat\u00e1sair\u00f3l.<\/p><\/div><\/div>\t\t\t\t\t\t\t\t<\/div>\n\t\t\t\t<div class=\"elementor-element elementor-element-c8941e7 elementor-widget__width-initial elementor-widget elementor-widget-heading\" data-id=\"c8941e7\" data-element_type=\"widget\" data-widget_type=\"heading.default\">\n\t\t\t\t\t<h2 class=\"elementor-heading-title elementor-size-default\">Weboldal \u00fczemeltet\u0151 \u00e9s fejleszt\u0151:<\/h2>\t\t\t\t<\/div>\n\t\t\t\t<div class=\"elementor-element elementor-element-326f4d3 elementor-widget__width-initial elementor-widget elementor-widget-text-editor\" data-id=\"326f4d3\" data-element_type=\"widget\" data-widget_type=\"text-editor.default\">\n\t\t\t\t\t\t\t\t\t<div class=\"elementor-element elementor-element-2403797 elementor-widget elementor-widget-heading\" data-id=\"2403797\" data-element_type=\"widget\" data-widget_type=\"heading.default\"><div class=\"elementor-widget-container\"><p class=\"elementor-heading-title elementor-size-default\"><strong style=\"font-size: 16px;\">Szolg\u00e1ltat\u00f3 neve:<\/strong><span style=\"font-size: 16px;\"> DP Consult Kft. (&#8222;<a href=\"http:\/\/www.mootivum.hu\">Mootivum Marketing &amp; Webdesign<\/a>&#8222;)<\/span><\/p><\/div><\/div><div class=\"elementor-element elementor-element-5e75fe9 elementor-widget elementor-widget-text-editor\" data-id=\"5e75fe9\" data-element_type=\"widget\" data-widget_type=\"text-editor.default\"><div class=\"elementor-widget-container\"><p><strong>Telefonsz\u00e1m:<\/strong> +36 30 972 3924<\/p><p><strong>E-mail c\u00edm:<\/strong> zsofi@mootivum.hu<\/p><p><strong>Ad\u00f3sz\u00e1m:<\/strong> 14374812-2-09<\/p><p><strong>Sz\u00e9khely:<\/strong> 4025 Debrecen Antall J\u00f3zsef utca 3.<\/p><\/div><\/div><div class=\"elementor-element elementor-element-e0ee994 elementor-widget elementor-widget-text-editor\" data-id=\"e0ee994\" data-element_type=\"widget\" data-widget_type=\"text-editor.default\"><div class=\"elementor-widget-container\"><p>\u00a0<\/p><\/div><\/div>\t\t\t\t\t\t\t\t<\/div>\n\t\t\t\t\t<\/div>\n\t\t\t\t<\/div>\n\t\t\t\t<\/div>\n\t\t","protected":false},"excerpt":{"rendered":"<p>IMPRESSZUM Megb\u00edzhat\u00f3 partner a vesz\u00e9lyes foly\u00e9kony hullad\u00e9k sz\u00e1ll\u00edt\u00e1s, dugul\u00e1selh\u00e1r\u00edt\u00e1s, szennyv\u00edz szippant\u00e1s ter\u00fclet\u00e9n, 1991 \u00f3ta KAPCSOLAT Szolg\u00e1ltat\u00f3 adatai: Szolg\u00e1ltat\u00f3 neve: TRANZIT &#8211; 1 K\u00f6rnyezetv\u00e9delmi Szolg\u00e1ltat\u00f3 Korl\u00e1tolt Felel\u0151ss\u00e9g\u0171 T\u00e1rsas\u00e1g Telefonsz\u00e1m: +36 52 437 365 E-mail c\u00edm: tranzit-1.kft@gmail.com Ad\u00f3sz\u00e1m: 11155991-2-09 Sz\u00e9khely: 4030 Debrecen Di\u00f3szegi \u00fat 32. A honlapon tal\u00e1lhat\u00f3 inform\u00e1ci\u00f3k, bejegyz\u00e9sek nem min\u0151s\u00fclnek aj\u00e1nlatt\u00e9telnek, aj\u00e1nlatt\u00e9telre t\u00f6rt\u00e9n\u0151 felh\u00edv\u00e1snak vagy [&hellip;]<\/p>\n","protected":false},"author":1,"featured_media":0,"parent":0,"menu_order":0,"comment_status":"closed","ping_status":"closed","template":"","meta":{"footnotes":""},"class_list":["post-3762","page","type-page","status-publish","hentry"],"yoast_head":"<!-- This site is optimized with the Yoast SEO plugin v27.4 - https:\/\/yoast.com\/product\/yoast-seo-wordpress\/ -->\n<title>Impresszum | Tranzit-1 Kft.<\/title>\n<meta name=\"description\" content=\"A Tranzit-1 Kft. hivatalos c\u00e9gadatai, el\u00e9rhet\u0151s\u00e9gei \u00e9s jogi inform\u00e1ci\u00f3i.\" \/>\n<meta name=\"robots\" content=\"index, follow, max-snippet:-1, max-image-preview:large, max-video-preview:-1\" \/>\n<link rel=\"canonical\" href=\"https:\/\/tranzit1.hu\/hu_hu\/impresszum\/\" \/>\n<meta property=\"og:locale\" content=\"hu_HU\" \/>\n<meta property=\"og:type\" content=\"article\" \/>\n<meta property=\"og:title\" content=\"Impresszum | Tranzit-1 Kft.\" \/>\n<meta property=\"og:description\" content=\"A Tranzit-1 Kft. hivatalos c\u00e9gadatai, el\u00e9rhet\u0151s\u00e9gei \u00e9s jogi inform\u00e1ci\u00f3i.\" \/>\n<meta property=\"og:url\" content=\"https:\/\/tranzit1.hu\/hu_hu\/impresszum\/\" \/>\n<meta property=\"og:site_name\" content=\"Tranzit-1 K\u00f6rnyezetv\u00e9delmi \u00e9s Szolg\u00e1ltat\u00f3 Kft.\" \/>\n<meta property=\"article:publisher\" content=\"https:\/\/www.facebook.com\/Tranzit1Kft\" \/>\n<meta property=\"article:modified_time\" content=\"2025-12-16T15:46:41+00:00\" \/>\n<meta property=\"og:image\" content=\"https:\/\/tranzit1.hu\/wp-content\/uploads\/2025\/12\/Folyekony-veszelyes-hulladekszallito-43.jpg\" \/>\n\t<meta property=\"og:image:width\" content=\"1109\" \/>\n\t<meta property=\"og:image:height\" content=\"832\" \/>\n\t<meta property=\"og:image:type\" content=\"image\/jpeg\" \/>\n<meta name=\"twitter:card\" content=\"summary_large_image\" \/>\n<meta name=\"twitter:label1\" content=\"Becs\u00fclt olvas\u00e1si id\u0151\" \/>\n\t<meta name=\"twitter:data1\" content=\"1 perc\" \/>\n<script type=\"application\/ld+json\" class=\"yoast-schema-graph\">{\"@context\":\"https:\\\/\\\/schema.org\",\"@graph\":[{\"@type\":\"ScholarlyArticle\",\"@id\":\"https:\\\/\\\/tranzit1.hu\\\/impresszum\\\/#article\",\"isPartOf\":{\"@id\":\"https:\\\/\\\/tranzit1.hu\\\/impresszum\\\/\"},\"author\":{\"name\":\"tranzit1\",\"@id\":\"https:\\\/\\\/tranzit1.hu\\\/#\\\/schema\\\/person\\\/40021cd27ea4f8b09ced9fac64c0851c\"},\"headline\":\"Impresszum\",\"datePublished\":\"2025-12-09T16:21:52+00:00\",\"dateModified\":\"2025-12-16T15:46:41+00:00\",\"mainEntityOfPage\":{\"@id\":\"https:\\\/\\\/tranzit1.hu\\\/impresszum\\\/\"},\"wordCount\":166,\"publisher\":{\"@id\":\"https:\\\/\\\/tranzit1.hu\\\/#organization\"},\"inLanguage\":\"hu\"},{\"@type\":[\"WebPage\",\"ContactPage\"],\"@id\":\"https:\\\/\\\/tranzit1.hu\\\/impresszum\\\/\",\"url\":\"https:\\\/\\\/tranzit1.hu\\\/impresszum\\\/\",\"name\":\"Impresszum | Tranzit-1 Kft.\",\"isPartOf\":{\"@id\":\"https:\\\/\\\/tranzit1.hu\\\/#website\"},\"datePublished\":\"2025-12-09T16:21:52+00:00\",\"dateModified\":\"2025-12-16T15:46:41+00:00\",\"description\":\"A Tranzit-1 Kft. hivatalos c\u00e9gadatai, el\u00e9rhet\u0151s\u00e9gei \u00e9s jogi inform\u00e1ci\u00f3i.\",\"breadcrumb\":{\"@id\":\"https:\\\/\\\/tranzit1.hu\\\/impresszum\\\/#breadcrumb\"},\"inLanguage\":\"hu\",\"potentialAction\":[{\"@type\":\"ReadAction\",\"target\":[\"https:\\\/\\\/tranzit1.hu\\\/impresszum\\\/\"]}]},{\"@type\":\"BreadcrumbList\",\"@id\":\"https:\\\/\\\/tranzit1.hu\\\/impresszum\\\/#breadcrumb\",\"itemListElement\":[{\"@type\":\"ListItem\",\"position\":1,\"name\":\"Kezd\u0151lap\",\"item\":\"https:\\\/\\\/tranzit1.hu\\\/\"},{\"@type\":\"ListItem\",\"position\":2,\"name\":\"Impresszum\"}]},{\"@type\":\"WebSite\",\"@id\":\"https:\\\/\\\/tranzit1.hu\\\/#website\",\"url\":\"https:\\\/\\\/tranzit1.hu\\\/\",\"name\":\"Tranzit-1 K\u00f6rnyezetv\u00e9delmi \u00e9s Szolg\u00e1ltat\u00f3 Kft.\",\"description\":\"Ipari \u00e9s lakoss\u00e1gi szennyv\u00edzkezel\u00e9s Debrecenben \u00e9s Kelet-Magyarorszg\u00e1on\",\"publisher\":{\"@id\":\"https:\\\/\\\/tranzit1.hu\\\/#organization\"},\"alternateName\":\"Tranzit-1 Kft.\",\"potentialAction\":[{\"@type\":\"SearchAction\",\"target\":{\"@type\":\"EntryPoint\",\"urlTemplate\":\"https:\\\/\\\/tranzit1.hu\\\/?s={search_term_string}\"},\"query-input\":{\"@type\":\"PropertyValueSpecification\",\"valueRequired\":true,\"valueName\":\"search_term_string\"}}],\"inLanguage\":\"hu\"},{\"@type\":\"Organization\",\"@id\":\"https:\\\/\\\/tranzit1.hu\\\/#organization\",\"name\":\"Tranzit-1 K\u00f6rnyezetv\u00e9delmi \u00e9s Szolg\u00e1ltat\u00f3 Kft.\",\"alternateName\":\"Tranzit-1 Kft.\",\"url\":\"https:\\\/\\\/tranzit1.hu\\\/\",\"logo\":{\"@type\":\"ImageObject\",\"inLanguage\":\"hu\",\"@id\":\"https:\\\/\\\/tranzit1.hu\\\/#\\\/schema\\\/logo\\\/image\\\/\",\"url\":\"http:\\\/\\\/tranzit1.hu\\\/wp-content\\\/uploads\\\/2025\\\/11\\\/PNG-Tranzit-honlap-logo-350.png\",\"contentUrl\":\"http:\\\/\\\/tranzit1.hu\\\/wp-content\\\/uploads\\\/2025\\\/11\\\/PNG-Tranzit-honlap-logo-350.png\",\"width\":350,\"height\":124,\"caption\":\"Tranzit-1 K\u00f6rnyezetv\u00e9delmi \u00e9s Szolg\u00e1ltat\u00f3 Kft.\"},\"image\":{\"@id\":\"https:\\\/\\\/tranzit1.hu\\\/#\\\/schema\\\/logo\\\/image\\\/\"},\"sameAs\":[\"https:\\\/\\\/www.facebook.com\\\/Tranzit1Kft\"]},{\"@type\":\"Person\",\"@id\":\"https:\\\/\\\/tranzit1.hu\\\/#\\\/schema\\\/person\\\/40021cd27ea4f8b09ced9fac64c0851c\",\"name\":\"tranzit1\",\"image\":{\"@type\":\"ImageObject\",\"inLanguage\":\"hu\",\"@id\":\"https:\\\/\\\/secure.gravatar.com\\\/avatar\\\/3981f5f97fee115cf374fe1b8e131ed1317a364912376a4a9069fc2703980398?s=96&d=mm&r=g\",\"url\":\"https:\\\/\\\/secure.gravatar.com\\\/avatar\\\/3981f5f97fee115cf374fe1b8e131ed1317a364912376a4a9069fc2703980398?s=96&d=mm&r=g\",\"contentUrl\":\"https:\\\/\\\/secure.gravatar.com\\\/avatar\\\/3981f5f97fee115cf374fe1b8e131ed1317a364912376a4a9069fc2703980398?s=96&d=mm&r=g\",\"caption\":\"tranzit1\"},\"sameAs\":[\"http:\\\/\\\/tranzit1.hu\"],\"url\":\"https:\\\/\\\/tranzit1.hu\\\/hu_hu\\\/author\\\/tranzit1\\\/\"}]}<\/script>\n<!-- \/ Yoast SEO plugin. -->","yoast_head_json":{"title":"Impresszum | Tranzit-1 Kft.","description":"A Tranzit-1 Kft. hivatalos c\u00e9gadatai, el\u00e9rhet\u0151s\u00e9gei \u00e9s jogi inform\u00e1ci\u00f3i.","robots":{"index":"index","follow":"follow","max-snippet":"max-snippet:-1","max-image-preview":"max-image-preview:large","max-video-preview":"max-video-preview:-1"},"canonical":"https:\/\/tranzit1.hu\/hu_hu\/impresszum\/","og_locale":"hu_HU","og_type":"article","og_title":"Impresszum | Tranzit-1 Kft.","og_description":"A Tranzit-1 Kft. hivatalos c\u00e9gadatai, el\u00e9rhet\u0151s\u00e9gei \u00e9s jogi inform\u00e1ci\u00f3i.","og_url":"https:\/\/tranzit1.hu\/hu_hu\/impresszum\/","og_site_name":"Tranzit-1 K\u00f6rnyezetv\u00e9delmi \u00e9s Szolg\u00e1ltat\u00f3 Kft.","article_publisher":"https:\/\/www.facebook.com\/Tranzit1Kft","article_modified_time":"2025-12-16T15:46:41+00:00","og_image":[{"width":1109,"height":832,"url":"https:\/\/tranzit1.hu\/wp-content\/uploads\/2025\/12\/Folyekony-veszelyes-hulladekszallito-43.jpg","type":"image\/jpeg"}],"twitter_card":"summary_large_image","twitter_misc":{"Becs\u00fclt olvas\u00e1si id\u0151":"1 perc"},"schema":{"@context":"https:\/\/schema.org","@graph":[{"@type":"ScholarlyArticle","@id":"https:\/\/tranzit1.hu\/impresszum\/#article","isPartOf":{"@id":"https:\/\/tranzit1.hu\/impresszum\/"},"author":{"name":"tranzit1","@id":"https:\/\/tranzit1.hu\/#\/schema\/person\/40021cd27ea4f8b09ced9fac64c0851c"},"headline":"Impresszum","datePublished":"2025-12-09T16:21:52+00:00","dateModified":"2025-12-16T15:46:41+00:00","mainEntityOfPage":{"@id":"https:\/\/tranzit1.hu\/impresszum\/"},"wordCount":166,"publisher":{"@id":"https:\/\/tranzit1.hu\/#organization"},"inLanguage":"hu"},{"@type":["WebPage","ContactPage"],"@id":"https:\/\/tranzit1.hu\/impresszum\/","url":"https:\/\/tranzit1.hu\/impresszum\/","name":"Impresszum | Tranzit-1 Kft.","isPartOf":{"@id":"https:\/\/tranzit1.hu\/#website"},"datePublished":"2025-12-09T16:21:52+00:00","dateModified":"2025-12-16T15:46:41+00:00","description":"A Tranzit-1 Kft. hivatalos c\u00e9gadatai, el\u00e9rhet\u0151s\u00e9gei \u00e9s jogi inform\u00e1ci\u00f3i.","breadcrumb":{"@id":"https:\/\/tranzit1.hu\/impresszum\/#breadcrumb"},"inLanguage":"hu","potentialAction":[{"@type":"ReadAction","target":["https:\/\/tranzit1.hu\/impresszum\/"]}]},{"@type":"BreadcrumbList","@id":"https:\/\/tranzit1.hu\/impresszum\/#breadcrumb","itemListElement":[{"@type":"ListItem","position":1,"name":"Kezd\u0151lap","item":"https:\/\/tranzit1.hu\/"},{"@type":"ListItem","position":2,"name":"Impresszum"}]},{"@type":"WebSite","@id":"https:\/\/tranzit1.hu\/#website","url":"https:\/\/tranzit1.hu\/","name":"Tranzit-1 K\u00f6rnyezetv\u00e9delmi \u00e9s Szolg\u00e1ltat\u00f3 Kft.","description":"Ipari \u00e9s lakoss\u00e1gi szennyv\u00edzkezel\u00e9s Debrecenben \u00e9s Kelet-Magyarorszg\u00e1on","publisher":{"@id":"https:\/\/tranzit1.hu\/#organization"},"alternateName":"Tranzit-1 Kft.","potentialAction":[{"@type":"SearchAction","target":{"@type":"EntryPoint","urlTemplate":"https:\/\/tranzit1.hu\/?s={search_term_string}"},"query-input":{"@type":"PropertyValueSpecification","valueRequired":true,"valueName":"search_term_string"}}],"inLanguage":"hu"},{"@type":"Organization","@id":"https:\/\/tranzit1.hu\/#organization","name":"Tranzit-1 K\u00f6rnyezetv\u00e9delmi \u00e9s Szolg\u00e1ltat\u00f3 Kft.","alternateName":"Tranzit-1 Kft.","url":"https:\/\/tranzit1.hu\/","logo":{"@type":"ImageObject","inLanguage":"hu","@id":"https:\/\/tranzit1.hu\/#\/schema\/logo\/image\/","url":"http:\/\/tranzit1.hu\/wp-content\/uploads\/2025\/11\/PNG-Tranzit-honlap-logo-350.png","contentUrl":"http:\/\/tranzit1.hu\/wp-content\/uploads\/2025\/11\/PNG-Tranzit-honlap-logo-350.png","width":350,"height":124,"caption":"Tranzit-1 K\u00f6rnyezetv\u00e9delmi \u00e9s Szolg\u00e1ltat\u00f3 Kft."},"image":{"@id":"https:\/\/tranzit1.hu\/#\/schema\/logo\/image\/"},"sameAs":["https:\/\/www.facebook.com\/Tranzit1Kft"]},{"@type":"Person","@id":"https:\/\/tranzit1.hu\/#\/schema\/person\/40021cd27ea4f8b09ced9fac64c0851c","name":"tranzit1","image":{"@type":"ImageObject","inLanguage":"hu","@id":"https:\/\/secure.gravatar.com\/avatar\/3981f5f97fee115cf374fe1b8e131ed1317a364912376a4a9069fc2703980398?s=96&d=mm&r=g","url":"https:\/\/secure.gravatar.com\/avatar\/3981f5f97fee115cf374fe1b8e131ed1317a364912376a4a9069fc2703980398?s=96&d=mm&r=g","contentUrl":"https:\/\/secure.gravatar.com\/avatar\/3981f5f97fee115cf374fe1b8e131ed1317a364912376a4a9069fc2703980398?s=96&d=mm&r=g","caption":"tranzit1"},"sameAs":["http:\/\/tranzit1.hu"],"url":"https:\/\/tranzit1.hu\/hu_hu\/author\/tranzit1\/"}]}},"_links":{"self":[{"href":"https:\/\/tranzit1.hu\/hu_hu\/wp-json\/wp\/v2\/pages\/3762","targetHints":{"allow":["GET"]}}],"collection":[{"href":"https:\/\/tranzit1.hu\/hu_hu\/wp-json\/wp\/v2\/pages"}],"about":[{"href":"https:\/\/tranzit1.hu\/hu_hu\/wp-json\/wp\/v2\/types\/page"}],"author":[{"embeddable":true,"href":"https:\/\/tranzit1.hu\/hu_hu\/wp-json\/wp\/v2\/users\/1"}],"replies":[{"embeddable":true,"href":"https:\/\/tranzit1.hu\/hu_hu\/wp-json\/wp\/v2\/comments?post=3762"}],"version-history":[{"count":28,"href":"https:\/\/tranzit1.hu\/hu_hu\/wp-json\/wp\/v2\/pages\/3762\/revisions"}],"predecessor-version":[{"id":3905,"href":"https:\/\/tranzit1.hu\/hu_hu\/wp-json\/wp\/v2\/pages\/3762\/revisions\/3905"}],"wp:attachment":[{"href":"https:\/\/tranzit1.hu\/hu_hu\/wp-json\/wp\/v2\/media?parent=3762"}],"curies":[{"name":"wp","href":"https:\/\/api.w.org\/{rel}","templated":true}]}}