{"id":642,"date":"2025-11-18T18:17:52","date_gmt":"2025-11-18T17:17:52","guid":{"rendered":"https:\/\/tranzit1.hu\/?page_id=642"},"modified":"2025-12-10T12:06:59","modified_gmt":"2025-12-10T11:06:59","slug":"megrendeles","status":"publish","type":"page","link":"https:\/\/tranzit1.hu\/hu_hu\/megrendeles\/","title":{"rendered":"Megrendel\u00e9s"},"content":{"rendered":"\t\t<div data-elementor-type=\"wp-page\" data-elementor-id=\"642\" class=\"elementor elementor-642\" data-elementor-post-type=\"page\">\n\t\t\t\t<div class=\"elementor-element elementor-element-5ac2521 e-flex e-con-boxed e-con e-parent\" data-id=\"5ac2521\" data-element_type=\"container\">\n\t\t\t\t\t<div class=\"e-con-inner\">\n\t\t\t\t<div class=\"elementor-element elementor-element-6c689c5 fluent-form-widget-step-header-yes fluent-form-widget-step-progressbar-yes fluentform-widget-submit-button-custom elementor-widget elementor-widget-fluent-form-widget\" data-id=\"6c689c5\" data-element_type=\"widget\" data-widget_type=\"fluent-form-widget.default\">\n\t\t\t\t<div class=\"elementor-widget-container\">\n\t\t\t\t\t\n            <div class=\"fluentform-widget-wrapper fluentform-widget-align-default\">\n\n            \n            <div class='fluentform ff-default fluentform_wrapper_4 ffs_bootstrap_wrap'><form data-form_id=\"4\" id=\"fluentform_4\" class=\"frm-fluent-form fluent_form_4 ff-el-form-top ff_form_instance_4_1 ff-form-loading ffs_bootstrap\" data-form_instance=\"ff_form_instance_4_1\" method=\"POST\" ><fieldset  style=\"border: none!important;margin: 0!important;padding: 0!important;background-color: transparent!important;box-shadow: none!important;outline: none!important; min-inline-size: 100%;\">\n                    <legend class=\"ff_screen_reader_title\" style=\"display: block; margin: 0!important;padding: 0!important;height: 0!important;text-indent: -999999px;width: 0!important;overflow:hidden;\">Megrendel\u00e9s<\/legend><p style=\"display: none !important;\" class=\"akismet-fields-container\" data-prefix=\"ak_\"><label>&#916;<textarea name=\"ak_hp_textarea\" cols=\"45\" rows=\"8\" maxlength=\"100\"><\/textarea><\/label><input type=\"hidden\" id=\"ak_js_1\" name=\"ak_js\" value=\"158\"\/><script>document.getElementById( \"ak_js_1\" ).setAttribute( \"value\", ( new Date() ).getTime() );<\/script><\/p><input type='hidden' name='__fluent_form_embded_post_id' value='642' \/><input type=\"hidden\" id=\"_fluentform_4_fluentformnonce\" name=\"_fluentform_4_fluentformnonce\" value=\"cbb046939c\" \/><input type=\"hidden\" name=\"_wp_http_referer\" value=\"\/hu_hu\/wp-json\/wp\/v2\/pages\/642\" \/><div class='ff-el-group  ff-custom_html' tabindex='-1' data-name=\"custom_html-4_1\" ><h2><img decoding=\"async\" class=\"wp-image-3131 aligncenter\" src=\"http:\/\/tranzit1.hu\/wp-content\/uploads\/2025\/12\/right-arrow_18992369.png\" alt=\"\" width=\"48\" height=\"48\" srcset=\"https:\/\/tranzit1.hu\/wp-content\/uploads\/2025\/12\/right-arrow_18992369.png 512w, https:\/\/tranzit1.hu\/wp-content\/uploads\/2025\/12\/right-arrow_18992369-150x150.png 150w, https:\/\/tranzit1.hu\/wp-content\/uploads\/2025\/12\/right-arrow_18992369-12x12.png 12w\" sizes=\"(max-width: 48px) 100vw, 48px\" \/><\/h2>\n<h2 style=\"text-align: center\">SZOLG\u00c1LTAT\u00c1S MEGRENDEL\u00c9SE<\/h2><\/div><div class='ff-el-group  ff-custom_html' tabindex='-1' data-name=\"custom_html-4_2\" ><p style=\"text-align: center\">Az \u0171rlap bek\u00fcld\u00e9se ut\u00e1n koll\u00e9g\u00e1nk k\u00e9t munkanapon bel\u00fcl v\u00e1laszol megrendel\u00e9s\u00e9re e-mailben vagy<\/p>\n<p style=\"text-align: center\">telefonon, hogy pontos\u00edts\u00e1k az elk\u00e9pzel\u00e9seket!<\/p><\/div><div data-name=\"ff_cn_id_1\"  class='ff-t-container ff-column-container ff_columns_total_2 '><div class='ff-t-cell ff-t-column-1' style='flex-basis: 50%;'><div data-type=\"name-element\" data-name=\"names\" class=\" ff-field_container ff-name-field-wrapper\" ><div class='ff-t-container'><div class='ff-t-cell '><div class='ff-el-group'><div class=\"ff-el-input--label asterisk-right\"><label for='ff_4_names_first_name_' id='label_ff_4_names_first_name_' >Megrendel\u0151 neve<\/label><\/div><div class='ff-el-input--content'><input type=\"text\" name=\"names[first_name]\" id=\"ff_4_names_first_name_\" class=\"ff-el-form-control\" placeholder=\"Megrendel\u0151 neve\" aria-invalid=\"false\" aria-required=false><\/div><\/div><\/div><\/div><\/div><\/div><div class='ff-t-cell ff-t-column-2' style='flex-basis: 50%;'><div class='ff-el-group'><div class=\"ff-el-input--label ff-el-is-required asterisk-right\"><label for='ff_4_email' id='label_ff_4_email' aria-label=\"E-mail c\u00edm\">E-mail c\u00edm<\/label><\/div><div class='ff-el-input--content'><input type=\"email\" name=\"email\" id=\"ff_4_email\" class=\"ff-el-form-control\" placeholder=\"E-mail c\u00edm\" data-name=\"email\"  aria-invalid=\"false\" aria-required=true><\/div><\/div><\/div><\/div><div data-name=\"ff_cn_id_2\"  class='ff-t-container ff-column-container ff_columns_total_2 '><div class='ff-t-cell ff-t-column-1' style='flex-basis: 50%;'><div class='ff-el-group'><div class=\"ff-el-input--label asterisk-right\"><label for='ff_4_phone' id='label_ff_4_phone' aria-label=\"Telefonsz\u00e1m\">Telefonsz\u00e1m<\/label><\/div><div class='ff-el-input--content'><input name=\"phone\" class=\"ff-el-form-control ff-el-phone\" type=\"tel\" placeholder=\"+36301231234\" data-name=\"phone\" id=\"ff_4_phone\" inputmode=\"tel\"  aria-invalid='false' aria-required=false><\/div><\/div><\/div><div class='ff-t-cell ff-t-column-2' style='flex-basis: 50%;'><div class='ff-el-group'><div class=\"ff-el-input--label asterisk-right\"><label for='ff_4_dropdown' id='label_ff_4_dropdown' aria-label=\"Szolg\u00e1ltat\u00e1sok\">Szolg\u00e1ltat\u00e1sok<\/label><\/div><div class='ff-el-input--content'><select name=\"dropdown\" id=\"ff_4_dropdown\" class=\"ff-el-form-control\" data-name=\"dropdown\" data-calc_value=\"0\"  aria-invalid=\"false\" aria-required=\"false\" aria-labelledby=\"label_ff_4_dropdown\"><option value=\"\">- V\u00e1lassza ki-<\/option><option value=\"Dugul\u00e1s elh\u00e1r\u00edt\u00e1s\"  >Dugul\u00e1s elh\u00e1r\u00edt\u00e1s<\/option><option value=\"Szennyv\u00edz szippant\u00e1s\"  >Szennyv\u00edz szippant\u00e1s<\/option><option value=\"Zs\u00edrfog\u00f3 \u00e9s csatorna tiszt\u00edt\u00e1s\"  >Zs\u00edrfog\u00f3 \u00e9s csatorna tiszt\u00edt\u00e1s<\/option><option value=\"Mobil WC \u00e9s szaniter kont\u00e9ner b\u00e9rl\u00e9s\"  >Mobil WC \u00e9s szaniter kont\u00e9ner b\u00e9rl\u00e9s<\/option><option value=\"Ipari csatornatiszt\u00edt\u00e1s\"  >Ipari csatornatiszt\u00edt\u00e1s<\/option><option value=\"Kamer\u00e1s csatornavizsg\u00e1lat \u00e9s diagnosztika\"  >Kamer\u00e1s csatornavizsg\u00e1lat \u00e9s diagnosztika<\/option><option value=\"Foly\u00e9kony vesz\u00e9lyes hullad\u00e9k sz\u00e1ll\u00edt\u00e1s \u00e9s el\u0151kezel\u00e9s\"  >Foly\u00e9kony vesz\u00e9lyes hullad\u00e9k sz\u00e1ll\u00edt\u00e1s \u00e9s el\u0151kezel\u00e9s<\/option><option value=\"Ipari zs\u00edrfog\u00f3k, \u00e1temel\u0151k \u00e9s \u00e1tereszek tiszt\u00edt\u00e1sa\"  >Ipari zs\u00edrfog\u00f3k, \u00e1temel\u0151k \u00e9s \u00e1tereszek tiszt\u00edt\u00e1sa<\/option><option value=\"Illeg\u00e1lis bek\u00f6t\u00e9sek felder\u00edt\u00e9se\"  >Illeg\u00e1lis bek\u00f6t\u00e9sek felder\u00edt\u00e9se<\/option><option value=\"  M\u0171t\u00e1rgyak, technol\u00f3giai berendez\u00e9sek tiszt\u00edt\u00e1sa\"  >M\u0171t\u00e1rgyak, technol\u00f3giai berendez\u00e9sek tiszt\u00edt\u00e1sa<\/option><\/select><\/div><\/div><\/div><\/div><div class='ff-el-group'><div class=\"ff-el-input--label ff-el-is-required asterisk-right\"><label for='ff_4_message' id='label_ff_4_message' aria-label=\"Miben seg\u00edthet\u00fcnk?\">Miben seg\u00edthet\u00fcnk?<\/label><\/div><div class='ff-el-input--content'><textarea aria-required=\"true\" aria-labelledby=\"label_ff_4_message\" name=\"message\" id=\"ff_4_message\" class=\"ff-el-form-control\" placeholder=\"\u00dczenet\" rows=\"4\" cols=\"2\" data-name=\"message\" ><\/textarea><\/div><\/div><div class='ff-el-group    ff-el-input--content'><div class='ff-el-form-check ff-el-tc'><label aria-label='Hozz\u00e1j\u00e1rul\u00e1s ahhoz, hogy ez a weboldal t\u00e1rolja a megadott adatokat, hogy v\u00e1laszolni tudjanak a megkeres\u00e9sre' class='ff-el-form-check-label ff_tc_label' for=gdpr-agreement_888f06b4f08745216e965722e5bd5303><span class='ff_tc_checkbox'><input type=\"checkbox\" name=\"gdpr-agreement\" class=\"ff-el-form-check-input ff_gdpr_field\" data-name=\"gdpr-agreement\" id=\"gdpr-agreement_888f06b4f08745216e965722e5bd5303\"  value='on' aria-invalid='false' aria-required=true><\/span> <div class='ff_t_c'>Hozz\u00e1j\u00e1rul\u00e1s ahhoz, hogy ez a weboldal t\u00e1rolja a megadott adatokat, hogy v\u00e1laszolni tudjanak a megkeres\u00e9sre<\/div><\/label><\/div><\/div><div class='ff-el-group ff-text-left ff_submit_btn_wrapper'><button type=\"submit\" class=\"ff-btn ff-btn-submit ff-btn-lg ff_btn_style\"  aria-label=\"Elk\u00fcld\u00f6m\">Elk\u00fcld\u00f6m<\/button><\/div><\/fieldset><\/form><div id='fluentform_4_errors' class='ff-errors-in-stack ff_form_instance_4_1 ff-form-loading_errors ff_form_instance_4_1_errors'><\/div><\/div>            <script type=\"text\/javascript\">\n                window.fluent_form_ff_form_instance_4_1 = {\"id\":\"4\",\"ajaxUrl\":\"https:\\\/\\\/tranzit1.hu\\\/wp-admin\\\/admin-ajax.php\",\"settings\":{\"layout\":{\"labelPlacement\":\"top\",\"asteriskPlacement\":\"asterisk-right\",\"helpMessagePlacement\":\"with_label\",\"errorMessagePlacement\":\"inline\",\"cssClassName\":\"\"},\"restrictions\":{\"denyEmptySubmission\":{\"enabled\":false}}},\"form_instance\":\"ff_form_instance_4_1\",\"form_id_selector\":\"fluentform_4\",\"rules\":{\"names[first_name]\":{\"required\":{\"value\":false,\"message\":\"Ez egy k\\u00f6telez\\u0151 mez\\u0151\",\"global\":true,\"global_message\":\"Ez egy k\\u00f6telez\\u0151 mez\\u0151\"}},\"names[middle_name]\":{\"required\":{\"value\":false,\"message\":\"Ez egy k\\u00f6telez\\u0151 mez\\u0151\",\"global\":true,\"global_message\":\"Ez egy k\\u00f6telez\\u0151 mez\\u0151\"}},\"names[last_name]\":{\"required\":{\"value\":false,\"message\":\"Ez egy k\\u00f6telez\\u0151 mez\\u0151\",\"global\":true,\"global_message\":\"Ez egy k\\u00f6telez\\u0151 mez\\u0151\"}},\"email\":{\"required\":{\"value\":true,\"message\":\"Ez egy k\\u00f6telez\\u0151 mez\\u0151\",\"global\":true,\"global_message\":\"Ez egy k\\u00f6telez\\u0151 mez\\u0151\"},\"email\":{\"value\":true,\"message\":\"A mez\\u0151nek \\u00e9rv\\u00e9nyes emailc\\u00edmet kell tartalmaznia\",\"global\":true,\"global_message\":\"A mez\\u0151nek \\u00e9rv\\u00e9nyes emailc\\u00edmet kell tartalmaznia\"}},\"phone\":{\"required\":{\"value\":false,\"global\":true,\"message\":\"Ez egy k\\u00f6telez\\u0151 mez\\u0151\",\"global_message\":\"Ez egy k\\u00f6telez\\u0151 mez\\u0151\"},\"valid_phone_number\":{\"value\":false,\"global\":true,\"message\":\"A telefonsz\\u00e1m nem \\u00e9rv\\u00e9nyes\",\"global_message\":\"A telefonsz\\u00e1m nem \\u00e9rv\\u00e9nyes\"}},\"dropdown\":{\"required\":{\"value\":false,\"message\":\"Ez egy k\\u00f6telez\\u0151 mez\\u0151\",\"global_message\":\"Ez egy k\\u00f6telez\\u0151 mez\\u0151\",\"global\":true}},\"message\":{\"required\":{\"value\":true,\"message\":\"Ez egy k\\u00f6telez\\u0151 mez\\u0151\",\"global\":true,\"global_message\":\"Ez egy k\\u00f6telez\\u0151 mez\\u0151\"}},\"gdpr-agreement\":{\"required\":{\"value\":true,\"message\":\"Ez egy k\\u00f6telez\\u0151 mez\\u0151\",\"global_message\":\"Ez egy k\\u00f6telez\\u0151 mez\\u0151\",\"global\":true}}},\"debounce_time\":300};\n                            <\/script>\n                        <\/div>\n\n            \t\t\t\t<\/div>\n\t\t\t\t<\/div>\n\t\t\t\t\t<\/div>\n\t\t\t\t<\/div>\n\t\t\t\t<\/div>\n\t\t","protected":false},"excerpt":{"rendered":"<p>Megrendel\u00e9s SZOLG\u00c1LTAT\u00c1S MEGRENDEL\u00c9SE Az \u0171rlap bek\u00fcld\u00e9se ut\u00e1n koll\u00e9g\u00e1nk k\u00e9t munkanapon bel\u00fcl v\u00e1laszol megrendel\u00e9s\u00e9re e-mailben vagy telefonon, hogy pontos\u00edts\u00e1k az elk\u00e9pzel\u00e9seket! Megrendel\u0151 neveE-mail c\u00edmTelefonsz\u00e1mSzolg\u00e1ltat\u00e1sok&#8211; V\u00e1lassza ki-Dugul\u00e1s elh\u00e1r\u00edt\u00e1sSzennyv\u00edz szippant\u00e1sZs\u00edrfog\u00f3 \u00e9s csatorna tiszt\u00edt\u00e1sMobil WC \u00e9s szaniter kont\u00e9ner b\u00e9rl\u00e9sIpari csatornatiszt\u00edt\u00e1sKamer\u00e1s csatornavizsg\u00e1lat \u00e9s diagnosztikaFoly\u00e9kony vesz\u00e9lyes hullad\u00e9k sz\u00e1ll\u00edt\u00e1s \u00e9s el\u0151kezel\u00e9sIpari zs\u00edrfog\u00f3k, \u00e1temel\u0151k \u00e9s \u00e1tereszek tiszt\u00edt\u00e1saIlleg\u00e1lis bek\u00f6t\u00e9sek felder\u00edt\u00e9seM\u0171t\u00e1rgyak, technol\u00f3giai berendez\u00e9sek tiszt\u00edt\u00e1saMiben seg\u00edthet\u00fcnk? [&hellip;]<\/p>\n","protected":false},"author":1,"featured_media":0,"parent":0,"menu_order":0,"comment_status":"closed","ping_status":"closed","template":"","meta":{"footnotes":""},"class_list":["post-642","page","type-page","status-publish","hentry"],"yoast_head":"<!-- This site is optimized with the Yoast SEO plugin v27.4 - https:\/\/yoast.com\/product\/yoast-seo-wordpress\/ -->\n<title>Megrendel\u00e9s | Tranzit-1 Kft.<\/title>\n<meta name=\"description\" content=\"Adja le megrendel\u00e9s\u00e9t szennyv\u00edzkezel\u00e9si vagy csatornatiszt\u00edt\u00e1si szolg\u00e1ltat\u00e1sra. Gyors \u00fcgyint\u00e9z\u00e9s, megb\u00edzhat\u00f3 szolg\u00e1ltat\u00e1sok.\" \/>\n<meta name=\"robots\" content=\"index, follow, max-snippet:-1, max-image-preview:large, max-video-preview:-1\" \/>\n<link rel=\"canonical\" href=\"https:\/\/tranzit1.hu\/hu_hu\/megrendeles\/\" \/>\n<meta property=\"og:locale\" content=\"hu_HU\" \/>\n<meta property=\"og:type\" content=\"article\" \/>\n<meta property=\"og:title\" content=\"Megrendel\u00e9s | Tranzit-1 Kft.\" \/>\n<meta property=\"og:description\" content=\"Adja le megrendel\u00e9s\u00e9t szennyv\u00edzkezel\u00e9si vagy csatornatiszt\u00edt\u00e1si szolg\u00e1ltat\u00e1sra. Gyors \u00fcgyint\u00e9z\u00e9s, megb\u00edzhat\u00f3 szolg\u00e1ltat\u00e1sok.\" \/>\n<meta property=\"og:url\" content=\"https:\/\/tranzit1.hu\/hu_hu\/megrendeles\/\" \/>\n<meta property=\"og:site_name\" content=\"Tranzit-1 K\u00f6rnyezetv\u00e9delmi \u00e9s Szolg\u00e1ltat\u00f3 Kft.\" \/>\n<meta property=\"article:publisher\" content=\"https:\/\/www.facebook.com\/Tranzit1Kft\" \/>\n<meta property=\"article:modified_time\" content=\"2025-12-10T11:06:59+00:00\" \/>\n<meta property=\"og:image\" content=\"http:\/\/tranzit1.hu\/wp-content\/uploads\/2025\/11\/tranzit-1_logo_emblema_512X512-1.png\" \/>\n\t<meta property=\"og:image:width\" content=\"512\" \/>\n\t<meta property=\"og:image:height\" content=\"518\" \/>\n\t<meta property=\"og:image:type\" content=\"image\/png\" \/>\n<meta name=\"twitter:card\" content=\"summary_large_image\" \/>\n<meta name=\"twitter:label1\" content=\"Becs\u00fclt olvas\u00e1si id\u0151\" \/>\n\t<meta name=\"twitter:data1\" content=\"1 perc\" \/>\n<script type=\"application\/ld+json\" class=\"yoast-schema-graph\">{\"@context\":\"https:\\\/\\\/schema.org\",\"@graph\":[{\"@type\":[\"WebPage\",\"CheckoutPage\"],\"@id\":\"https:\\\/\\\/tranzit1.hu\\\/megrendeles\\\/\",\"url\":\"https:\\\/\\\/tranzit1.hu\\\/megrendeles\\\/\",\"name\":\"Megrendel\u00e9s | Tranzit-1 Kft.\",\"isPartOf\":{\"@id\":\"https:\\\/\\\/tranzit1.hu\\\/#website\"},\"primaryImageOfPage\":{\"@id\":\"https:\\\/\\\/tranzit1.hu\\\/megrendeles\\\/#primaryimage\"},\"image\":{\"@id\":\"https:\\\/\\\/tranzit1.hu\\\/megrendeles\\\/#primaryimage\"},\"thumbnailUrl\":\"http:\\\/\\\/tranzit1.hu\\\/wp-content\\\/uploads\\\/2025\\\/12\\\/right-arrow_18992369.png\",\"datePublished\":\"2025-11-18T17:17:52+00:00\",\"dateModified\":\"2025-12-10T11:06:59+00:00\",\"description\":\"Adja le megrendel\u00e9s\u00e9t szennyv\u00edzkezel\u00e9si vagy csatornatiszt\u00edt\u00e1si szolg\u00e1ltat\u00e1sra. Gyors \u00fcgyint\u00e9z\u00e9s, megb\u00edzhat\u00f3 szolg\u00e1ltat\u00e1sok.\",\"breadcrumb\":{\"@id\":\"https:\\\/\\\/tranzit1.hu\\\/megrendeles\\\/#breadcrumb\"},\"inLanguage\":\"hu\",\"potentialAction\":[{\"@type\":\"ReadAction\",\"target\":[\"https:\\\/\\\/tranzit1.hu\\\/megrendeles\\\/\"]}]},{\"@type\":\"ImageObject\",\"inLanguage\":\"hu\",\"@id\":\"https:\\\/\\\/tranzit1.hu\\\/megrendeles\\\/#primaryimage\",\"url\":\"http:\\\/\\\/tranzit1.hu\\\/wp-content\\\/uploads\\\/2025\\\/12\\\/right-arrow_18992369.png\",\"contentUrl\":\"http:\\\/\\\/tranzit1.hu\\\/wp-content\\\/uploads\\\/2025\\\/12\\\/right-arrow_18992369.png\"},{\"@type\":\"BreadcrumbList\",\"@id\":\"https:\\\/\\\/tranzit1.hu\\\/megrendeles\\\/#breadcrumb\",\"itemListElement\":[{\"@type\":\"ListItem\",\"position\":1,\"name\":\"Kezd\u0151lap\",\"item\":\"https:\\\/\\\/tranzit1.hu\\\/\"},{\"@type\":\"ListItem\",\"position\":2,\"name\":\"Megrendel\u00e9s\"}]},{\"@type\":\"WebSite\",\"@id\":\"https:\\\/\\\/tranzit1.hu\\\/#website\",\"url\":\"https:\\\/\\\/tranzit1.hu\\\/\",\"name\":\"Tranzit-1 K\u00f6rnyezetv\u00e9delmi \u00e9s Szolg\u00e1ltat\u00f3 Kft.\",\"description\":\"Ipari \u00e9s lakoss\u00e1gi szennyv\u00edzkezel\u00e9s Debrecenben \u00e9s Kelet-Magyarorszg\u00e1on\",\"publisher\":{\"@id\":\"https:\\\/\\\/tranzit1.hu\\\/#organization\"},\"alternateName\":\"Tranzit-1 Kft.\",\"potentialAction\":[{\"@type\":\"SearchAction\",\"target\":{\"@type\":\"EntryPoint\",\"urlTemplate\":\"https:\\\/\\\/tranzit1.hu\\\/?s={search_term_string}\"},\"query-input\":{\"@type\":\"PropertyValueSpecification\",\"valueRequired\":true,\"valueName\":\"search_term_string\"}}],\"inLanguage\":\"hu\"},{\"@type\":\"Organization\",\"@id\":\"https:\\\/\\\/tranzit1.hu\\\/#organization\",\"name\":\"Tranzit-1 K\u00f6rnyezetv\u00e9delmi \u00e9s Szolg\u00e1ltat\u00f3 Kft.\",\"alternateName\":\"Tranzit-1 Kft.\",\"url\":\"https:\\\/\\\/tranzit1.hu\\\/\",\"logo\":{\"@type\":\"ImageObject\",\"inLanguage\":\"hu\",\"@id\":\"https:\\\/\\\/tranzit1.hu\\\/#\\\/schema\\\/logo\\\/image\\\/\",\"url\":\"http:\\\/\\\/tranzit1.hu\\\/wp-content\\\/uploads\\\/2025\\\/11\\\/PNG-Tranzit-honlap-logo-350.png\",\"contentUrl\":\"http:\\\/\\\/tranzit1.hu\\\/wp-content\\\/uploads\\\/2025\\\/11\\\/PNG-Tranzit-honlap-logo-350.png\",\"width\":350,\"height\":124,\"caption\":\"Tranzit-1 K\u00f6rnyezetv\u00e9delmi \u00e9s Szolg\u00e1ltat\u00f3 Kft.\"},\"image\":{\"@id\":\"https:\\\/\\\/tranzit1.hu\\\/#\\\/schema\\\/logo\\\/image\\\/\"},\"sameAs\":[\"https:\\\/\\\/www.facebook.com\\\/Tranzit1Kft\"]}]}<\/script>\n<!-- \/ Yoast SEO plugin. -->","yoast_head_json":{"title":"Megrendel\u00e9s | Tranzit-1 Kft.","description":"Adja le megrendel\u00e9s\u00e9t szennyv\u00edzkezel\u00e9si vagy csatornatiszt\u00edt\u00e1si szolg\u00e1ltat\u00e1sra. Gyors \u00fcgyint\u00e9z\u00e9s, megb\u00edzhat\u00f3 szolg\u00e1ltat\u00e1sok.","robots":{"index":"index","follow":"follow","max-snippet":"max-snippet:-1","max-image-preview":"max-image-preview:large","max-video-preview":"max-video-preview:-1"},"canonical":"https:\/\/tranzit1.hu\/hu_hu\/megrendeles\/","og_locale":"hu_HU","og_type":"article","og_title":"Megrendel\u00e9s | Tranzit-1 Kft.","og_description":"Adja le megrendel\u00e9s\u00e9t szennyv\u00edzkezel\u00e9si vagy csatornatiszt\u00edt\u00e1si szolg\u00e1ltat\u00e1sra. Gyors \u00fcgyint\u00e9z\u00e9s, megb\u00edzhat\u00f3 szolg\u00e1ltat\u00e1sok.","og_url":"https:\/\/tranzit1.hu\/hu_hu\/megrendeles\/","og_site_name":"Tranzit-1 K\u00f6rnyezetv\u00e9delmi \u00e9s Szolg\u00e1ltat\u00f3 Kft.","article_publisher":"https:\/\/www.facebook.com\/Tranzit1Kft","article_modified_time":"2025-12-10T11:06:59+00:00","og_image":[{"width":512,"height":518,"url":"http:\/\/tranzit1.hu\/wp-content\/uploads\/2025\/11\/tranzit-1_logo_emblema_512X512-1.png","type":"image\/png"}],"twitter_card":"summary_large_image","twitter_misc":{"Becs\u00fclt olvas\u00e1si id\u0151":"1 perc"},"schema":{"@context":"https:\/\/schema.org","@graph":[{"@type":["WebPage","CheckoutPage"],"@id":"https:\/\/tranzit1.hu\/megrendeles\/","url":"https:\/\/tranzit1.hu\/megrendeles\/","name":"Megrendel\u00e9s | Tranzit-1 Kft.","isPartOf":{"@id":"https:\/\/tranzit1.hu\/#website"},"primaryImageOfPage":{"@id":"https:\/\/tranzit1.hu\/megrendeles\/#primaryimage"},"image":{"@id":"https:\/\/tranzit1.hu\/megrendeles\/#primaryimage"},"thumbnailUrl":"http:\/\/tranzit1.hu\/wp-content\/uploads\/2025\/12\/right-arrow_18992369.png","datePublished":"2025-11-18T17:17:52+00:00","dateModified":"2025-12-10T11:06:59+00:00","description":"Adja le megrendel\u00e9s\u00e9t szennyv\u00edzkezel\u00e9si vagy csatornatiszt\u00edt\u00e1si szolg\u00e1ltat\u00e1sra. Gyors \u00fcgyint\u00e9z\u00e9s, megb\u00edzhat\u00f3 szolg\u00e1ltat\u00e1sok.","breadcrumb":{"@id":"https:\/\/tranzit1.hu\/megrendeles\/#breadcrumb"},"inLanguage":"hu","potentialAction":[{"@type":"ReadAction","target":["https:\/\/tranzit1.hu\/megrendeles\/"]}]},{"@type":"ImageObject","inLanguage":"hu","@id":"https:\/\/tranzit1.hu\/megrendeles\/#primaryimage","url":"http:\/\/tranzit1.hu\/wp-content\/uploads\/2025\/12\/right-arrow_18992369.png","contentUrl":"http:\/\/tranzit1.hu\/wp-content\/uploads\/2025\/12\/right-arrow_18992369.png"},{"@type":"BreadcrumbList","@id":"https:\/\/tranzit1.hu\/megrendeles\/#breadcrumb","itemListElement":[{"@type":"ListItem","position":1,"name":"Kezd\u0151lap","item":"https:\/\/tranzit1.hu\/"},{"@type":"ListItem","position":2,"name":"Megrendel\u00e9s"}]},{"@type":"WebSite","@id":"https:\/\/tranzit1.hu\/#website","url":"https:\/\/tranzit1.hu\/","name":"Tranzit-1 K\u00f6rnyezetv\u00e9delmi \u00e9s Szolg\u00e1ltat\u00f3 Kft.","description":"Ipari \u00e9s lakoss\u00e1gi szennyv\u00edzkezel\u00e9s Debrecenben \u00e9s Kelet-Magyarorszg\u00e1on","publisher":{"@id":"https:\/\/tranzit1.hu\/#organization"},"alternateName":"Tranzit-1 Kft.","potentialAction":[{"@type":"SearchAction","target":{"@type":"EntryPoint","urlTemplate":"https:\/\/tranzit1.hu\/?s={search_term_string}"},"query-input":{"@type":"PropertyValueSpecification","valueRequired":true,"valueName":"search_term_string"}}],"inLanguage":"hu"},{"@type":"Organization","@id":"https:\/\/tranzit1.hu\/#organization","name":"Tranzit-1 K\u00f6rnyezetv\u00e9delmi \u00e9s Szolg\u00e1ltat\u00f3 Kft.","alternateName":"Tranzit-1 Kft.","url":"https:\/\/tranzit1.hu\/","logo":{"@type":"ImageObject","inLanguage":"hu","@id":"https:\/\/tranzit1.hu\/#\/schema\/logo\/image\/","url":"http:\/\/tranzit1.hu\/wp-content\/uploads\/2025\/11\/PNG-Tranzit-honlap-logo-350.png","contentUrl":"http:\/\/tranzit1.hu\/wp-content\/uploads\/2025\/11\/PNG-Tranzit-honlap-logo-350.png","width":350,"height":124,"caption":"Tranzit-1 K\u00f6rnyezetv\u00e9delmi \u00e9s Szolg\u00e1ltat\u00f3 Kft."},"image":{"@id":"https:\/\/tranzit1.hu\/#\/schema\/logo\/image\/"},"sameAs":["https:\/\/www.facebook.com\/Tranzit1Kft"]}]}},"_links":{"self":[{"href":"https:\/\/tranzit1.hu\/hu_hu\/wp-json\/wp\/v2\/pages\/642","targetHints":{"allow":["GET"]}}],"collection":[{"href":"https:\/\/tranzit1.hu\/hu_hu\/wp-json\/wp\/v2\/pages"}],"about":[{"href":"https:\/\/tranzit1.hu\/hu_hu\/wp-json\/wp\/v2\/types\/page"}],"author":[{"embeddable":true,"href":"https:\/\/tranzit1.hu\/hu_hu\/wp-json\/wp\/v2\/users\/1"}],"replies":[{"embeddable":true,"href":"https:\/\/tranzit1.hu\/hu_hu\/wp-json\/wp\/v2\/comments?post=642"}],"version-history":[{"count":67,"href":"https:\/\/tranzit1.hu\/hu_hu\/wp-json\/wp\/v2\/pages\/642\/revisions"}],"predecessor-version":[{"id":3691,"href":"https:\/\/tranzit1.hu\/hu_hu\/wp-json\/wp\/v2\/pages\/642\/revisions\/3691"}],"wp:attachment":[{"href":"https:\/\/tranzit1.hu\/hu_hu\/wp-json\/wp\/v2\/media?parent=642"}],"curies":[{"name":"wp","href":"https:\/\/api.w.org\/{rel}","templated":true}]}}